{"id":1280,"date":"2016-06-05T12:09:45","date_gmt":"2016-06-05T10:09:45","guid":{"rendered":"http:\/\/www.torstenfell.com\/academy\/?page_id=1280"},"modified":"2022-02-18T09:58:28","modified_gmt":"2022-02-18T08:58:28","slug":"torsten-fell-als-speaker","status":"publish","type":"page","link":"https:\/\/www.torstenfell.com\/academy\/torsten-fell-als-speaker\/","title":{"rendered":"Torsten Fell als Speaker"},"content":{"rendered":"<section id=\"bt_section69de34c29902f\"  class=\"boldSection topSemiSpaced bottomExtraSpaced btDarkSkin gutter fullScreenHeight btBottomVertical wBackground cover\" style=\"background-image:url('https:\/\/www.torstenfell.com\/academy\/wp-content\/uploads\/2019\/06\/speaker_torsten_fell_auftritte_2019_3.jpg');\"><div class=\"port\"><div class=\"boldCell\"><div class=\"boldCellInner\"><div class=\"boldRow \" ><div class=\"boldRowInner\"><div class=\"rowItem col-md-12 col-ms-12  btTextLeft inherit\"  data-width=\"12\"><div class=\"rowItemContent\" ><header class=\"header btClear large btDash bottomDash\" ><div class=\"btSuperTitle\">Liveauftritte als Speaker<\/div><div class=\"dash\"><h2><span class=\"headline\">Speaker zu Corporate Learning,\r<br>Immersive Learning (VR\/AR\/MR) und\r<br>Business Transformation\r<br><\/span><\/h2><\/div><div class=\"btSubTitle\">Teilnehmenden bei einem Event Imulse und neue Sichtweisen aufzeigen.<\/div><\/header><\/div><\/div><\/div><\/div><\/div><\/div><\/div><\/section><section id=\"bt_section69de34c2991ba\"  class=\"boldSection topSpaced bottomExtraSmallSpaced btDarkSkin gutter inherit\" style=\"background-color:#041e42;\"><div class=\"port\"><div class=\"boldCell\"><div class=\"boldCellInner\"><div class=\"boldRow \" ><div class=\"boldRowInner\"><div class=\"rowItem col-md-6 col-sm-12 btTextLeft inherit\"  data-width=\"6\"><div class=\"rowItemContent\" ><header class=\"header btClear large btDash bottomDash\" ><div class=\"btSuperTitle\">Anstehende \u00f6ffentliche Auftritte<\/div><div class=\"dash\"><h2><span class=\"headline\">Auftritte als Speaker<\/span><\/h2><\/div><div class=\"btSubTitle\">Wo k\u00f6nnen sie mich und wo h\u00e4tten Sie mich erleben k\u00f6nnen. Ich freue mich Sie pers\u00f6nlich kennen zu lernen, bei Fragen einfach in Twitter #asktorsten oder \u00fcber das Kontaktformular.\r<br><\/div><\/header><\/div><\/div><div class=\"rowItem col-md-6 col-sm-12 btTextLeft inherit\"  data-width=\"6\"><div class=\"rowItemContent\" ><\/div><\/div><\/div><\/div><div class=\"boldRow \" ><div class=\"boldRowInner\"><div class=\"rowItem col-md-12 col-ms-12  btTextLeft\"  data-width=\"12\"><div class=\"rowItemContent\" ><div class=\"btClear btSeparator bottomSemiSpaced noBorder\" ><hr><\/div><\/div><\/div><\/div><\/div><\/div><\/div><\/div><\/section><section id=\"bt_section69de34c299354\"  class=\"boldSection topSpaced bottomSemiSpaced btDarkSkin gutter inherit\" style=\"background-color:#b9cde5;\"><div class=\"port\"><div class=\"boldCell\"><div class=\"boldCellInner\"><div class=\"boldRow \" ><div class=\"boldRowInner\"><div class=\"rowItem col-md-12 col-ms-12  btTextCenter inherit\"  data-width=\"12\"><div class=\"rowItemContent\" ><header class=\"header btClear medium\" style=\"margin-bottom: 0px;\"><div class=\"btSuperTitle\">Sie suchen einen Speaker f\u00fcr Ihren Kongress, internes Firmenevent oder Veranstaltung<\/div><div class=\"dash\"><h3><span class=\"headline\">Laden sie sich gleich das <b class=\"animate\">\u00abSpeakerprofil\u00bb<\/b>, <b class=\"animate\">\u00abKurz CV\u00bb<\/b>und <b class=\"animate\">\u00abBilder,Logo\u00bb<\/b> f\u00fcr Ihre Website oder Printunterlagen herunter <\/span><\/h3><\/div><div class=\"btSubTitle\">Sprechen Sie mich wegen der Terminabstimmung an.<\/div><\/header><div class=\"btClear btSeparator topSmallSpaced noBorder\" ><hr><\/div><\/div><\/div><\/div><\/div><div class=\"boldRow \" ><div class=\"boldRowInner\"><div class=\"rowItem col-md-3 col-sm-6 col-ms-12 btTextLeft\"  data-width=\"3\"><div class=\"rowItemContent\" ><header class=\"header btClear small\" ><div class=\"dash\"><h4><span class=\"headline\">Speakerprofil<\/span><\/h4><\/div><\/header><\/div><\/div><div class=\"rowItem col-md-9 col-ms-12  btTextLeft\"  data-width=\"9\"><div class=\"rowItemContent\" ><header class=\"header btClear small\" ><div class=\"dash\"><h4><span class=\"headline\">Bilder f\u00fcr Ihre Website oder Printunterlagen<\/span><\/h4><\/div><\/header><div class=\"tilesWall btGridGallery tiled  btGridGap-4 lightbox\" style=\"light\" data-col=\"4\"><div class=\"gridSizer\"><\/div><div class=\"gridItem btGhostSliderThumb bt11\" data-order-num=\"0\"><div class=\"btTileBox\"><div class=\"bpgPhoto \" > \r\n\t\t\t\t\t<a href=\"https:\/\/www.torstenfell.com\/academy\/wp-content\/uploads\/2016\/06\/torsten_felL_farbig_speaker.png\" class=\"lightbox\" data-title=\"\"><\/a>\r\n\t\t\t\t\t<div class=\"boldPhotoBox\"><div class=\"bpbItem\"><div class = \"btImage\"><img src=\"https:\/\/www.torstenfell.com\/academy\/wp-content\/uploads\/2016\/06\/torsten_felL_farbig_speaker-540x540.png\" alt=\"https:\/\/www.torstenfell.com\/academy\/wp-content\/uploads\/2016\/06\/torsten_felL_farbig_speaker-540x540.png\" ><\/div><\/div><\/div>\r\n\t\t\t\t\t<div class=\"captionPane btDarkSkin\">\r\n\t\t\t\t\t\t<div class=\"captionTable\">\r\n\t\t\t\t\t\t\t<div class=\"captionCell\">\r\n\t\t\t\t\t\t\t\t<div class=\"captionTxt\"><\/div>\r\n\t\t\t\t\t\t\t<\/div>\r\n\t\t\t\t\t\t<\/div>\r\n\t\t\t\t\t<\/div><\/div><\/div><\/div><div class=\"gridItem btGhostSliderThumb bt11\" data-order-num=\"1\"><div class=\"btTileBox\"><div class=\"bpgPhoto \" > \r\n\t\t\t\t\t<a href=\"https:\/\/www.torstenfell.com\/academy\/wp-content\/uploads\/2016\/06\/torsten_fell_sw_speaker_1.png\" class=\"lightbox\" data-title=\"\"><\/a>\r\n\t\t\t\t\t<div class=\"boldPhotoBox\"><div class=\"bpbItem\"><div class = \"btImage\"><img src=\"https:\/\/www.torstenfell.com\/academy\/wp-content\/uploads\/2016\/06\/torsten_fell_sw_speaker_1-540x540.png\" alt=\"https:\/\/www.torstenfell.com\/academy\/wp-content\/uploads\/2016\/06\/torsten_fell_sw_speaker_1-540x540.png\" ><\/div><\/div><\/div>\r\n\t\t\t\t\t<div class=\"captionPane btDarkSkin\">\r\n\t\t\t\t\t\t<div class=\"captionTable\">\r\n\t\t\t\t\t\t\t<div class=\"captionCell\">\r\n\t\t\t\t\t\t\t\t<div class=\"captionTxt\"><\/div>\r\n\t\t\t\t\t\t\t<\/div>\r\n\t\t\t\t\t\t<\/div>\r\n\t\t\t\t\t<\/div><\/div><\/div><\/div><div class=\"gridItem btGhostSliderThumb bt11\" data-order-num=\"2\"><div class=\"btTileBox\"><div class=\"bpgPhoto \" > \r\n\t\t\t\t\t<a href=\"https:\/\/www.torstenfell.com\/academy\/wp-content\/uploads\/2016\/06\/torsten_fell_farbig_speaker3.png\" class=\"lightbox\" data-title=\"\"><\/a>\r\n\t\t\t\t\t<div class=\"boldPhotoBox\"><div class=\"bpbItem\"><div class = \"btImage\"><img src=\"https:\/\/www.torstenfell.com\/academy\/wp-content\/uploads\/2016\/06\/torsten_fell_farbig_speaker3-540x540.png\" alt=\"https:\/\/www.torstenfell.com\/academy\/wp-content\/uploads\/2016\/06\/torsten_fell_farbig_speaker3-540x540.png\" ><\/div><\/div><\/div>\r\n\t\t\t\t\t<div class=\"captionPane btDarkSkin\">\r\n\t\t\t\t\t\t<div class=\"captionTable\">\r\n\t\t\t\t\t\t\t<div class=\"captionCell\">\r\n\t\t\t\t\t\t\t\t<div class=\"captionTxt\"><\/div>\r\n\t\t\t\t\t\t\t<\/div>\r\n\t\t\t\t\t\t<\/div>\r\n\t\t\t\t\t<\/div><\/div><\/div><\/div><div class=\"gridItem btGhostSliderThumb bt11\" data-order-num=\"3\"><div class=\"btTileBox\"><div class=\"bpgPhoto \" > \r\n\t\t\t\t\t<a href=\"https:\/\/www.torstenfell.com\/academy\/wp-content\/uploads\/2016\/06\/torsten_fell_sw_speaker_3.png\" class=\"lightbox\" data-title=\"\"><\/a>\r\n\t\t\t\t\t<div class=\"boldPhotoBox\"><div class=\"bpbItem\"><div class = \"btImage\"><img src=\"https:\/\/www.torstenfell.com\/academy\/wp-content\/uploads\/2016\/06\/torsten_fell_sw_speaker_3-540x540.png\" alt=\"https:\/\/www.torstenfell.com\/academy\/wp-content\/uploads\/2016\/06\/torsten_fell_sw_speaker_3-540x540.png\" ><\/div><\/div><\/div>\r\n\t\t\t\t\t<div class=\"captionPane btDarkSkin\">\r\n\t\t\t\t\t\t<div class=\"captionTable\">\r\n\t\t\t\t\t\t\t<div class=\"captionCell\">\r\n\t\t\t\t\t\t\t\t<div class=\"captionTxt\"><\/div>\r\n\t\t\t\t\t\t\t<\/div>\r\n\t\t\t\t\t\t<\/div>\r\n\t\t\t\t\t<\/div><\/div><\/div><\/div><div class=\"gridItem btGhostSliderThumb bt11\" data-order-num=\"4\"><div class=\"btTileBox\"><div class=\"bpgPhoto \" > \r\n\t\t\t\t\t<a href=\"https:\/\/www.torstenfell.com\/academy\/wp-content\/uploads\/2016\/06\/torsten_fell_sw_speaker_2.png\" class=\"lightbox\" data-title=\"\"><\/a>\r\n\t\t\t\t\t<div class=\"boldPhotoBox\"><div class=\"bpbItem\"><div class = \"btImage\"><img src=\"https:\/\/www.torstenfell.com\/academy\/wp-content\/uploads\/2016\/06\/torsten_fell_sw_speaker_2-540x540.png\" alt=\"https:\/\/www.torstenfell.com\/academy\/wp-content\/uploads\/2016\/06\/torsten_fell_sw_speaker_2-540x540.png\" ><\/div><\/div><\/div>\r\n\t\t\t\t\t<div class=\"captionPane btDarkSkin\">\r\n\t\t\t\t\t\t<div class=\"captionTable\">\r\n\t\t\t\t\t\t\t<div class=\"captionCell\">\r\n\t\t\t\t\t\t\t\t<div class=\"captionTxt\"><\/div>\r\n\t\t\t\t\t\t\t<\/div>\r\n\t\t\t\t\t\t<\/div>\r\n\t\t\t\t\t<\/div><\/div><\/div><\/div><div class=\"gridItem btGhostSliderThumb bt11\" data-order-num=\"5\"><div class=\"btTileBox\"><div class=\"bpgPhoto \" > \r\n\t\t\t\t\t<a href=\"https:\/\/www.torstenfell.com\/academy\/wp-content\/uploads\/2016\/06\/torsten_fell_sw_speaker_4.png\" class=\"lightbox\" data-title=\"\"><\/a>\r\n\t\t\t\t\t<div class=\"boldPhotoBox\"><div class=\"bpbItem\"><div class = \"btImage\"><img src=\"https:\/\/www.torstenfell.com\/academy\/wp-content\/uploads\/2016\/06\/torsten_fell_sw_speaker_4-540x540.png\" alt=\"https:\/\/www.torstenfell.com\/academy\/wp-content\/uploads\/2016\/06\/torsten_fell_sw_speaker_4-540x540.png\" ><\/div><\/div><\/div>\r\n\t\t\t\t\t<div class=\"captionPane btDarkSkin\">\r\n\t\t\t\t\t\t<div class=\"captionTable\">\r\n\t\t\t\t\t\t\t<div class=\"captionCell\">\r\n\t\t\t\t\t\t\t\t<div class=\"captionTxt\"><\/div>\r\n\t\t\t\t\t\t\t<\/div>\r\n\t\t\t\t\t\t<\/div>\r\n\t\t\t\t\t<\/div><\/div><\/div><\/div><div class=\"gridItem btGhostSliderThumb bt11\" data-order-num=\"6\"><div class=\"btTileBox\"><div class=\"bpgPhoto \" > \r\n\t\t\t\t\t<a href=\"https:\/\/www.torstenfell.com\/academy\/wp-content\/uploads\/2016\/06\/torsten_fell_sw_speaker_5.png\" class=\"lightbox\" data-title=\"\"><\/a>\r\n\t\t\t\t\t<div class=\"boldPhotoBox\"><div class=\"bpbItem\"><div class = \"btImage\"><img src=\"https:\/\/www.torstenfell.com\/academy\/wp-content\/uploads\/2016\/06\/torsten_fell_sw_speaker_5-540x540.png\" alt=\"https:\/\/www.torstenfell.com\/academy\/wp-content\/uploads\/2016\/06\/torsten_fell_sw_speaker_5-540x540.png\" ><\/div><\/div><\/div>\r\n\t\t\t\t\t<div class=\"captionPane btDarkSkin\">\r\n\t\t\t\t\t\t<div class=\"captionTable\">\r\n\t\t\t\t\t\t\t<div class=\"captionCell\">\r\n\t\t\t\t\t\t\t\t<div class=\"captionTxt\"><\/div>\r\n\t\t\t\t\t\t\t<\/div>\r\n\t\t\t\t\t\t<\/div>\r\n\t\t\t\t\t<\/div><\/div><\/div><\/div><div class=\"gridItem btGhostSliderThumb bt11\" data-order-num=\"7\"><div class=\"btTileBox\"><div class=\"bpgPhoto \" > \r\n\t\t\t\t\t<a href=\"https:\/\/www.torstenfell.com\/academy\/wp-content\/uploads\/2016\/06\/torsten_fell_farbig_speaker_2.png\" class=\"lightbox\" data-title=\"\"><\/a>\r\n\t\t\t\t\t<div class=\"boldPhotoBox\"><div class=\"bpbItem\"><div class = \"btImage\"><img src=\"https:\/\/www.torstenfell.com\/academy\/wp-content\/uploads\/2016\/06\/torsten_fell_farbig_speaker_2-540x540.png\" alt=\"https:\/\/www.torstenfell.com\/academy\/wp-content\/uploads\/2016\/06\/torsten_fell_farbig_speaker_2-540x540.png\" ><\/div><\/div><\/div>\r\n\t\t\t\t\t<div class=\"captionPane btDarkSkin\">\r\n\t\t\t\t\t\t<div class=\"captionTable\">\r\n\t\t\t\t\t\t\t<div class=\"captionCell\">\r\n\t\t\t\t\t\t\t\t<div class=\"captionTxt\"><\/div>\r\n\t\t\t\t\t\t\t<\/div>\r\n\t\t\t\t\t\t<\/div>\r\n\t\t\t\t\t<\/div><\/div><\/div><\/div><div class=\"gridItem btGhostSliderThumb bt11\" data-order-num=\"8\"><div class=\"btTileBox\"><div class=\"bpgPhoto \" > \r\n\t\t\t\t\t<a href=\"https:\/\/www.torstenfell.com\/academy\/wp-content\/uploads\/2016\/06\/torsten_fell_sw_speaker.png\" class=\"lightbox\" data-title=\"\"><\/a>\r\n\t\t\t\t\t<div class=\"boldPhotoBox\"><div class=\"bpbItem\"><div class = \"btImage\"><img src=\"https:\/\/www.torstenfell.com\/academy\/wp-content\/uploads\/2016\/06\/torsten_fell_sw_speaker-540x540.png\" alt=\"https:\/\/www.torstenfell.com\/academy\/wp-content\/uploads\/2016\/06\/torsten_fell_sw_speaker-540x540.png\" ><\/div><\/div><\/div>\r\n\t\t\t\t\t<div class=\"captionPane btDarkSkin\">\r\n\t\t\t\t\t\t<div class=\"captionTable\">\r\n\t\t\t\t\t\t\t<div class=\"captionCell\">\r\n\t\t\t\t\t\t\t\t<div class=\"captionTxt\"><\/div>\r\n\t\t\t\t\t\t\t<\/div>\r\n\t\t\t\t\t\t<\/div>\r\n\t\t\t\t\t<\/div><\/div><\/div><\/div><div class=\"gridItem btGhostSliderThumb bt11\" data-order-num=\"9\"><div class=\"btTileBox\"><div class=\"bpgPhoto \" > \r\n\t\t\t\t\t<a href=\"https:\/\/www.torstenfell.com\/academy\/wp-content\/uploads\/2018\/11\/torsten_fell_hololens_speaker_1.png\" class=\"lightbox\" data-title=\"\"><\/a>\r\n\t\t\t\t\t<div class=\"boldPhotoBox\"><div class=\"bpbItem\"><div class = \"btImage\"><img src=\"https:\/\/www.torstenfell.com\/academy\/wp-content\/uploads\/2018\/11\/torsten_fell_hololens_speaker_1-540x540.png\" alt=\"https:\/\/www.torstenfell.com\/academy\/wp-content\/uploads\/2018\/11\/torsten_fell_hololens_speaker_1-540x540.png\" ><\/div><\/div><\/div>\r\n\t\t\t\t\t<div class=\"captionPane btDarkSkin\">\r\n\t\t\t\t\t\t<div class=\"captionTable\">\r\n\t\t\t\t\t\t\t<div class=\"captionCell\">\r\n\t\t\t\t\t\t\t\t<div class=\"captionTxt\"><\/div>\r\n\t\t\t\t\t\t\t<\/div>\r\n\t\t\t\t\t\t<\/div>\r\n\t\t\t\t\t<\/div><\/div><\/div><\/div><div class=\"gridItem btGhostSliderThumb bt11\" data-order-num=\"10\"><div class=\"btTileBox\"><div class=\"bpgPhoto \" > \r\n\t\t\t\t\t<a href=\"https:\/\/www.torstenfell.com\/academy\/wp-content\/uploads\/2018\/11\/torsten_fell_hololens_speaker.png\" class=\"lightbox\" data-title=\"\"><\/a>\r\n\t\t\t\t\t<div class=\"boldPhotoBox\"><div class=\"bpbItem\"><div class = \"btImage\"><img src=\"https:\/\/www.torstenfell.com\/academy\/wp-content\/uploads\/2018\/11\/torsten_fell_hololens_speaker-540x540.png\" alt=\"https:\/\/www.torstenfell.com\/academy\/wp-content\/uploads\/2018\/11\/torsten_fell_hololens_speaker-540x540.png\" ><\/div><\/div><\/div>\r\n\t\t\t\t\t<div class=\"captionPane btDarkSkin\">\r\n\t\t\t\t\t\t<div class=\"captionTable\">\r\n\t\t\t\t\t\t\t<div class=\"captionCell\">\r\n\t\t\t\t\t\t\t\t<div class=\"captionTxt\"><\/div>\r\n\t\t\t\t\t\t\t<\/div>\r\n\t\t\t\t\t\t<\/div>\r\n\t\t\t\t\t<\/div><\/div><\/div><\/div><div class=\"gridItem btGhostSliderThumb bt11\" data-order-num=\"11\"><div class=\"btTileBox\"><div class=\"bpgPhoto \" > \r\n\t\t\t\t\t<a href=\"https:\/\/www.torstenfell.com\/academy\/wp-content\/uploads\/2017\/12\/torsten_fell_logo_2018_2.png\" class=\"lightbox\" data-title=\"\"><\/a>\r\n\t\t\t\t\t<div class=\"boldPhotoBox\"><div class=\"bpbItem\"><div class = \"btImage\"><img src=\"https:\/\/www.torstenfell.com\/academy\/wp-content\/uploads\/2017\/12\/torsten_fell_logo_2018_2-540x320.png\" alt=\"https:\/\/www.torstenfell.com\/academy\/wp-content\/uploads\/2017\/12\/torsten_fell_logo_2018_2-540x320.png\" ><\/div><\/div><\/div>\r\n\t\t\t\t\t<div class=\"captionPane btDarkSkin\">\r\n\t\t\t\t\t\t<div class=\"captionTable\">\r\n\t\t\t\t\t\t\t<div class=\"captionCell\">\r\n\t\t\t\t\t\t\t\t<div class=\"captionTxt\"><\/div>\r\n\t\t\t\t\t\t\t<\/div>\r\n\t\t\t\t\t\t<\/div>\r\n\t\t\t\t\t<\/div><\/div><\/div><\/div><\/div><div class=\"btClear btSeparator topSmallSpaced noBorder\" ><hr><\/div><header class=\"header btClear small\" ><div class=\"dash\"><h4><span class=\"headline\">Kurz CV f\u00fcr Website<\/span><\/h4><\/div><\/header><div class=\"btText\" ><p>Mit 20 Jahren Erfahrung ist er ein erfahrener Experte im Umfeld Corporate Learning, Digitale Transformation und Immersive Experience. Er begleitet Unternehmen als Impulsgeber im Wandel und in der Neuausrichtung. Er hat in den letzten 20 Jahren, in unterschiedlichsten Unternehmen und Branchen, selber F\u00fchrungsverantwortung im Umfeld Business Transformation, Corporate Learning und Innovation innegehabt. Als Speaker, Dozent und Autor gibt es sein Wissen in unterschiedlichsten Formaten gerne weiter.<\/p>\n<\/div><div class=\"btClear btSeparator topSmallSpaced noBorder\" ><hr><\/div><\/div><\/div><\/div><\/div><\/div><\/div><\/div><\/section><section id=\"bt_section69de34c29a53f\"  class=\"boldSection topSmallSpaced bottomSmallSpaced gutter inherit\" ><div class=\"port\"><div class=\"boldCell\"><div class=\"boldCellInner\"><div class=\"boldRow \" ><div class=\"boldRowInner\"><div class=\"rowItem col-md-6 col-sm-12 btTextLeft\"  data-width=\"6\"><div class=\"rowItemContent\" ><div class=\"btClear btSeparator topExtraSmallSpaced bottomSmallSpaced noBorder\" ><hr><\/div><header class=\"header btClear extralarge btDash bottomDash\" ><div class=\"btSuperTitle\">Speakerthemen<\/div><div class=\"dash\"><h1><span class=\"headline\">Vortragsthemen<\/span><\/h1><\/div><div class=\"btSubTitle\">Aus folgenden Vortragsthemenfelder k\u00f6nnen Sie w\u00e4hlen:<\/div><\/header><div class=\"btTabs tabsVertical\" data-open-first=\"no\"><ul class=\"tabsHeader\"><li><span>Zukunft Corporate Learning (Trends)<\/span><\/li><li><span>Disruption \/ Business (Digitale) Transformation<\/span><\/li><li><span>Virtuale Reality (VR)<\/span><\/li><li><span>Virtual Reality als neue Kunst<\/span><\/li><li><span>Individuelles Thema rund um Ihr Bed\u00fcrfnisse<\/span><\/li><\/ul><div class=\"tabPanes accordionPanes\"><div class=\"tabPane\">\r\n\t\t\t<div class=\"tabAccordionTitle\"><span>Zukunft Corporate Learning (Trends)<\/span><\/div>\r\n\t\t\t<div class=\"tabAccordionContent\"><div class=\"btText\" ><ul>\n<li>Was sind die Trends im Corporate Learning?<\/li>\n<li>Wie sollten Sie Ihre Organisation ausfbauen?<\/li>\n<li>Welche neue Rollen sind notwendig?<\/li>\n<li>Wie m\u00fcssen diese ausgestaltet sein?<\/li>\n<\/ul>\n<\/div><\/div>\r\n\t\t<\/div><div class=\"tabPane\">\r\n\t\t\t<div class=\"tabAccordionTitle\"><span>Disruption \/ Business (Digitale) Transformation<\/span><\/div>\r\n\t\t\t<div class=\"tabAccordionContent\"><\/div>\r\n\t\t<\/div><div class=\"tabPane\">\r\n\t\t\t<div class=\"tabAccordionTitle\"><span>Virtuale Reality (VR)<\/span><\/div>\r\n\t\t\t<div class=\"tabAccordionContent\"><div class=\"btText\" ><ul>\n<li>Was bedeutet Virtuale Realit\u00e4t (VR)?<\/li>\n<li>Wie k\u00f6nnen Sie dies in Ihr Gesch\u00e4ftsmodell einbauen?<\/li>\n<\/ul>\n<\/div><\/div>\r\n\t\t<\/div><div class=\"tabPane\">\r\n\t\t\t<div class=\"tabAccordionTitle\"><span>Virtual Reality als neue Kunst<\/span><\/div>\r\n\t\t\t<div class=\"tabAccordionContent\"><div class=\"btText\" ><p>Ich zeige Ihnen auf, wie man mit Virtual Reality Kunst erstellen kann. Live Performance z.B. bei Ihrem Firmenevent.<\/p>\n<\/div><\/div>\r\n\t\t<\/div><div class=\"tabPane\">\r\n\t\t\t<div class=\"tabAccordionTitle\"><span>Individuelles Thema rund um Ihr Bed\u00fcrfnisse<\/span><\/div>\r\n\t\t\t<div class=\"tabAccordionContent\"><\/div>\r\n\t\t<\/div><\/div><\/div><\/div><\/div><div class=\"rowItem col-md-6 col-sm-12 btTextLeft\"  data-width=\"6\"><div class=\"rowItemContent\" ><div class=\"btClear btSeparator topExtraSpaced bottomExtraSmallSpaced noBorder\" ><hr><\/div><header class=\"header btClear small\" ><div class=\"btSuperTitle\">Konkrete Anfrage<\/div><div class=\"dash\"><h4><span class=\"headline\">Speakeranfrage<\/span><\/h4><\/div><\/header><div class=\"btText\" ><div role=\"form\" class=\"wpcf7\" id=\"wpcf7-f1564-o1\" lang=\"en-US\" dir=\"ltr\">\n<div class=\"screen-reader-response\">\n<p role=\"status\" aria-live=\"polite\" aria-atomic=\"true\">\n<ul><\/ul>\n<\/div>\n<form action=\"\/academy\/wp-json\/wp\/v2\/pages\/1280#wpcf7-f1564-o1\" method=\"post\" class=\"wpcf7-form init wpcf7-acceptance-as-validation\" novalidate=\"novalidate\" data-status=\"init\">\n<div style=\"display: none;\">\n<input type=\"hidden\" name=\"_wpcf7\" value=\"1564\" \/><br \/>\n<input type=\"hidden\" name=\"_wpcf7_version\" value=\"5.5.6\" \/><br \/>\n<input type=\"hidden\" name=\"_wpcf7_locale\" value=\"en_US\" \/><br \/>\n<input type=\"hidden\" name=\"_wpcf7_unit_tag\" value=\"wpcf7-f1564-o1\" \/><br \/>\n<input type=\"hidden\" name=\"_wpcf7_container_post\" value=\"0\" \/><br \/>\n<input type=\"hidden\" name=\"_wpcf7_posted_data_hash\" value=\"\" \/><br \/>\n<input type=\"hidden\" name=\"_wpcf7_recaptcha_response\" value=\"\" \/>\n<\/div>\n<p>Vorname\/Name*<br \/>\n    <span class=\"wpcf7-form-control-wrap your-name\"><input type=\"text\" name=\"your-name\" value=\"\" size=\"40\" class=\"wpcf7-form-control wpcf7-text wpcf7-validates-as-required\" aria-required=\"true\" aria-invalid=\"false\" \/><\/span> <\/p>\n<p>e-mail-Adresse*<br \/>\n    <span class=\"wpcf7-form-control-wrap your-email\"><input type=\"email\" name=\"your-email\" value=\"\" size=\"40\" class=\"wpcf7-form-control wpcf7-text wpcf7-email wpcf7-validates-as-required wpcf7-validates-as-email\" aria-required=\"true\" aria-invalid=\"false\" \/><\/span> <\/p>\n<p>Telefonnummer<br \/>\n    <span class=\"wpcf7-form-control-wrap tel-650\"><input type=\"tel\" name=\"tel-650\" value=\"\" size=\"40\" class=\"wpcf7-form-control wpcf7-text wpcf7-tel wpcf7-validates-as-tel\" aria-invalid=\"false\" \/><\/span> <\/p>\n<p>Thema als Speaker<br \/>\n    <span class=\"wpcf7-form-control-wrap your-message\"><textarea name=\"your-message\" cols=\"40\" rows=\"10\" class=\"wpcf7-form-control wpcf7-textarea\" aria-invalid=\"false\"><\/textarea><\/span> <\/p>\n<p><b>Bitte beachten:<\/b><br \/>\nDas Formular kann nur mit der Zustimmung zur <a title=\"Datenschutz\" href=\"http:\/\/www.torstenfell.com\/academy\/datenschutzerklaerung\/\"  target=\"_blank\">Datenschutzerkl\u00e4rung<\/a> gesendet werden!<\/p>\n<p><span class=\"wpcf7-form-control-wrap acceptance-639\"><span class=\"wpcf7-form-control wpcf7-acceptance\"><span class=\"wpcf7-list-item\"><input type=\"checkbox\" name=\"acceptance-639\" value=\"1\" aria-invalid=\"false\" \/><\/span><\/span><\/span> ja, ich stimme zu<\/p>\n<p><input type=\"submit\" value=\"Senden\" class=\"wpcf7-form-control has-spinner wpcf7-submit\" \/><\/p>\n<div class=\"wpcf7-response-output\" aria-hidden=\"true\"><\/div>\n<\/form>\n<\/div>\n<\/div><\/div><\/div><\/div><\/div><div class=\"boldRow \" ><div class=\"boldRowInner\"><div class=\"rowItem col-md-12 col-ms-12  btTextLeft\"  data-width=\"12\"><div class=\"rowItemContent\" ><div class=\"btClear btSeparator topSmallSpaced bottomSemiSpaced noBorder\" ><hr><\/div><\/div><\/div><\/div><\/div><\/div><\/div><\/div><\/section>","protected":false},"excerpt":{"rendered":"","protected":false},"author":1,"featured_media":0,"parent":0,"menu_order":0,"comment_status":"closed","ping_status":"closed","template":"","meta":[],"_links":{"self":[{"href":"https:\/\/www.torstenfell.com\/academy\/wp-json\/wp\/v2\/pages\/1280"}],"collection":[{"href":"https:\/\/www.torstenfell.com\/academy\/wp-json\/wp\/v2\/pages"}],"about":[{"href":"https:\/\/www.torstenfell.com\/academy\/wp-json\/wp\/v2\/types\/page"}],"author":[{"embeddable":true,"href":"https:\/\/www.torstenfell.com\/academy\/wp-json\/wp\/v2\/users\/1"}],"replies":[{"embeddable":true,"href":"https:\/\/www.torstenfell.com\/academy\/wp-json\/wp\/v2\/comments?post=1280"}],"version-history":[{"count":154,"href":"https:\/\/www.torstenfell.com\/academy\/wp-json\/wp\/v2\/pages\/1280\/revisions"}],"predecessor-version":[{"id":3272,"href":"https:\/\/www.torstenfell.com\/academy\/wp-json\/wp\/v2\/pages\/1280\/revisions\/3272"}],"wp:attachment":[{"href":"https:\/\/www.torstenfell.com\/academy\/wp-json\/wp\/v2\/media?parent=1280"}],"curies":[{"name":"wp","href":"https:\/\/api.w.org\/{rel}","templated":true}]}}