{"id":1694,"date":"2016-07-02T08:15:02","date_gmt":"2016-07-02T06:15:02","guid":{"rendered":"http:\/\/www.torstenfell.com\/academy\/?page_id=1694"},"modified":"2016-07-09T18:18:42","modified_gmt":"2016-07-09T16:18:42","slug":"learning-strategy-check","status":"publish","type":"page","link":"https:\/\/www.torstenfell.com\/academy\/learning-strategy-check\/","title":{"rendered":"Learning Strategy Check"},"content":{"rendered":"<section id=\"bt_section69fd97bbcbf82\" data-parallax=\"0.1\" data-parallax-offset=\"0\" class=\"boldSection topExtraSpaced bottomSpaced btDarkSkin gutter btBottomVertical btParallax wBackground cover\" style=\"background-image:url('https:\/\/www.torstenfell.com\/academy\/wp-content\/uploads\/2016\/06\/torsten_fell_bl11.png');\"><div class=\"port\"><div class=\"boldCell\"><div class=\"boldCellInner\"><div class=\"boldRow \" ><div class=\"boldRowInner\"><div class=\"rowItem col-md-12 col-ms-12  btTextLeft inherit\"  data-width=\"12\"><div class=\"rowItemContent\" ><header class=\"header btClear large btDash bottomDash\" ><div class=\"btSuperTitle\">Learning Strategy Check<\/div><div class=\"dash\"><h2><span class=\"headline\">Challenge your <b class=\"animate\">Learning Strategy <\/b><\/span><\/h2><\/div><div class=\"btSubTitle\">Sind Sie richtig unterwegs, wo soll die Reise hingehen?<\/div><\/header><\/div><\/div><\/div><\/div><\/div><\/div><\/div><\/section><section id=\"bt_section69fd97bbcc11f\"  class=\"boldSection btDarkSkin gutter inherit\" style=\"background-color:#041e42;\"><div class=\"port\"><div class=\"boldCell\"><div class=\"boldCellInner\"><div class=\"boldRow \" ><div class=\"boldRowInner\"><div class=\"rowItem col-md-12 col-ms-12  btTextLeft\"  data-width=\"12\"><div class=\"rowItemContent\" ><div class=\"btClear btSeparator topSpaced bottomExtraSmallSpaced noBorder\" ><hr><\/div><\/div><\/div><\/div><\/div><div class=\"boldRow \" ><div class=\"boldRowInner\"><div class=\"rowItem col-md-4 col-ms-12 btTextCenter inherit\"  data-width=\"4\"><div class=\"rowItemContent\" ><div class=\"btIconImageRow\" ><span class=\"btIco btIcoOutlineType btIcoBigSize btIcoAccentColor\"><span  data-ico-fa=\"&#xf047;\" class=\"btIcoHolder\"><\/span><\/span><\/div><div class=\"btClear btSeparator topExtraSmallSpaced bottomExtraSmallSpaced noBorder\" ><hr><\/div><header class=\"header btClear small\" ><div class=\"dash\"><h4><span class=\"headline\">Sind Sie gerade dabei Ihre bestehende Lern-Strategie zu \u00fcberdenken oder auf eine neue Basis zu stellen\r<br><\/span><\/h4><\/div><\/header><\/div><\/div><div class=\"rowItem col-md-4 col-ms-12 btTextCenter inherit\"  data-width=\"4\"><div class=\"rowItemContent\" ><div class=\"btIconImageRow\" ><span class=\"btIco btIcoOutlineType btIcoBigSize btIcoAccentColor\"><span  data-ico-fa=\"&#xf0a9;\" class=\"btIcoHolder\"><\/span><\/span><\/div><div class=\"btClear btSeparator topExtraSmallSpaced bottomExtraSmallSpaced noBorder\" ><hr><\/div><header class=\"header btClear small\" ><div class=\"dash\"><h4><span class=\"headline\">Wollen Sie, gerade das erste mal eine Lern-Stratgeie im Unternehmen aufbauen und etablieren<\/span><\/h4><\/div><\/header><\/div><\/div><div class=\"rowItem col-md-4 col-ms-12 btTextCenter inherit\"  data-width=\"4\"><div class=\"rowItemContent\" ><div class=\"btIconImageRow\" ><span class=\"btIco btIcoOutlineType btIcoBigSize btIcoAccentColor\"><span  data-ico-s7=\"&#xe67e;\" class=\"btIcoHolder\"><\/span><\/span><\/div><div class=\"btClear btSeparator topExtraSmallSpaced bottomExtraSmallSpaced noBorder\" ><hr><\/div><header class=\"header btClear small\" ><div class=\"dash\"><h4><span class=\"headline\">Sie interessieren sich was andere Organisationen machen und welche Trends es gibt.<\/span><\/h4><\/div><\/header><\/div><\/div><\/div><\/div><div class=\"boldRow \" ><div class=\"boldRowInner\"><div class=\"rowItem col-md-12 col-ms-12  btTextLeft\"  data-width=\"12\"><div class=\"rowItemContent\" ><div class=\"btClear btSeparator topExtraSmallSpaced bottomSemiSpaced noBorder\" ><hr><\/div><\/div><\/div><\/div><\/div><\/div><\/div><\/div><\/section><section id=\"bt_section69fd97bbcc493\"  class=\"boldSection gutter\" ><div class=\"port\"><div class=\"boldCell\"><div class=\"boldCellInner\"><div class=\"boldRow \" ><div class=\"boldRowInner\"><div class=\"rowItem col-md-8 col-ms-12 btTextLeft\"  data-width=\"8\"><div class=\"rowItemContent\" ><div class=\"btClear btSeparator topSemiSpaced noBorder\" ><hr><\/div><header class=\"header btClear large\" ><div class=\"btSuperTitle\">Ihr Mehrwert<\/div><div class=\"dash\"><h2><span class=\"headline\">IHRE STRATEGIE -\u2028 MEIN COMMITMENT<\/span><\/h2><\/div><div class=\"btSubTitle\">Manchmal ist es schwierig, im Tagesgesch\u00e4ft die n\u00f6tige Distanz und Klarheit zu bekommen. Ich biete Ihnen, in einem exklusiven und absolut vertraulichen Rahmen, die M\u00f6glichkeit, mit einem Profi Ihre Lern- und Wissensstrategie zu definieren oder zu verbessern.\r<br>Wir leiten zusammen m\u00f6gliche Entwicklungs- und Handlungsfelder ab und er\u00f6rtern Vor- und Nachteile.<\/div><\/header><div class=\"btClear btSeparator topExtraSmallSpaced bottomExtraSmallSpaced noBorder\" ><hr><\/div><div class=\"btText\" ><p>Lassen Sie ihre Lernstartegie Challengen.<\/p>\n<p>Dann biete ich Ihnen an<\/p>\n<ul>\n<li>Meine Praxis-Erfahrung von 20 Jahren Corporate Learning als Verantwortlicher in Unternehmen zu nutzen<\/li>\n<li>Produktunabh\u00e4ngige Beratung und Unterst\u00fctzung<\/li>\n<li>Querdenker und Kenner der Szene<\/li>\n<\/ul>\n<p>Was m\u00fcssen sie machen<\/p>\n<ul>\n<li>F\u00fcllen Sie das Formular aus<\/li>\n<li>W\u00e4hlen sie die Art aus &#8211; Online- oder Vor-Ort-Termin<\/li>\n<\/ul>\n<p>nutzen Sie die M\u00f6glichkeit, einen individuellen Termin\u00a0in Ihrem Hause oder f\u00fcr eine Online Session zu vereinbaren.<\/p>\n<p>Ich freue mich, Sie bei der Ausrichtung Ihrer Strategie zu unterst\u00fctzen.<\/p>\n<\/div><\/div><\/div><div class=\"rowItem col-md-4 col-ms-12 btTextLeft\"  data-width=\"4\"><div class=\"rowItemContent\" ><div class=\"btClear btSeparator topSemiSpaced bottomSmallSpaced noBorder\" ><hr><\/div><div class=\"btText\" ><h2>Termin anfragen<\/h2>\n<div role=\"form\" class=\"wpcf7\" id=\"wpcf7-f1816-o1\" lang=\"en-US\" dir=\"ltr\">\n<div class=\"screen-reader-response\">\n<p role=\"status\" aria-live=\"polite\" aria-atomic=\"true\">\n<ul><\/ul>\n<\/div>\n<form action=\"\/academy\/wp-json\/wp\/v2\/pages\/1694#wpcf7-f1816-o1\" method=\"post\" class=\"wpcf7-form init wpcf7-acceptance-as-validation\" novalidate=\"novalidate\" data-status=\"init\">\n<div style=\"display: none;\">\n<input type=\"hidden\" name=\"_wpcf7\" value=\"1816\" \/><br \/>\n<input type=\"hidden\" name=\"_wpcf7_version\" value=\"5.5.6\" \/><br \/>\n<input type=\"hidden\" name=\"_wpcf7_locale\" value=\"en_US\" \/><br \/>\n<input type=\"hidden\" name=\"_wpcf7_unit_tag\" value=\"wpcf7-f1816-o1\" \/><br \/>\n<input type=\"hidden\" name=\"_wpcf7_container_post\" value=\"0\" \/><br \/>\n<input type=\"hidden\" name=\"_wpcf7_posted_data_hash\" value=\"\" \/><br \/>\n<input type=\"hidden\" name=\"_wpcf7_recaptcha_response\" value=\"\" \/>\n<\/div>\n<p>Vorname\/Name*<br \/>\n    <span class=\"wpcf7-form-control-wrap your-name\"><input type=\"text\" name=\"your-name\" value=\"\" size=\"40\" class=\"wpcf7-form-control wpcf7-text wpcf7-validates-as-required\" aria-required=\"true\" aria-invalid=\"false\" \/><\/span> <\/p>\n<p>e-mail-Adresse*<br \/>\n    <span class=\"wpcf7-form-control-wrap your-email\"><input type=\"email\" name=\"your-email\" value=\"\" size=\"40\" class=\"wpcf7-form-control wpcf7-text wpcf7-email wpcf7-validates-as-required wpcf7-validates-as-email\" aria-required=\"true\" aria-invalid=\"false\" \/><\/span> <\/p>\n<p>Telefonnummer<br \/>\n    <span class=\"wpcf7-form-control-wrap tel-650\"><input type=\"tel\" name=\"tel-650\" value=\"\" size=\"40\" class=\"wpcf7-form-control wpcf7-text wpcf7-tel wpcf7-validates-as-tel\" aria-invalid=\"false\" \/><\/span> <\/p>\n<p>Durchf\u00fchrung als<br \/>\n<span class=\"wpcf7-form-control-wrap radio-439\"><span class=\"wpcf7-form-control wpcf7-radio\"><span class=\"wpcf7-list-item first\"><input type=\"radio\" name=\"radio-439\" value=\"Online-Session\" checked=\"checked\" \/><span class=\"wpcf7-list-item-label\">Online-Session<\/span><\/span><span class=\"wpcf7-list-item last\"><input type=\"radio\" name=\"radio-439\" value=\"Vor-Ort-Termin\" \/><span class=\"wpcf7-list-item-label\">Vor-Ort-Termin<\/span><\/span><\/span><\/span><\/p>\n<p>Wunschtermin<br \/>\n    <span class=\"wpcf7-form-control-wrap your-message\"><textarea name=\"your-message\" cols=\"40\" rows=\"10\" class=\"wpcf7-form-control wpcf7-textarea\" aria-invalid=\"false\"><\/textarea><\/span> <\/p>\n<p><b>Bitte beachten:<\/b><br \/>\nDas Formular kann nur mit der Zustimmung zur <a title=\"Datenschutz\" href=\"http:\/\/www.torstenfell.com\/academy\/datenschutzerklaerung\/\"  target=\"_blank\">Datenschutzerkl\u00e4rung<\/a> gesendet werden!<\/p>\n<p><span class=\"wpcf7-form-control-wrap acceptance-639\"><span class=\"wpcf7-form-control wpcf7-acceptance\"><span class=\"wpcf7-list-item\"><input type=\"checkbox\" name=\"acceptance-639\" value=\"1\" aria-invalid=\"false\" \/><\/span><\/span><\/span> ja, ich stimme zu<\/p>\n<p><input type=\"submit\" value=\"Senden\" class=\"wpcf7-form-control has-spinner wpcf7-submit\" \/><\/p>\n<div class=\"wpcf7-response-output\" aria-hidden=\"true\"><\/div>\n<\/form>\n<\/div>\n<\/div><div class=\"btClear btSeparator topExtraSmallSpaced bottomSemiSpaced noBorder\" ><hr><\/div><\/div><\/div><\/div><\/div><\/div><\/div><\/div><\/section><section id=\"bt_section69fd97bbcced4\"  class=\"boldSection btDarkSkin gutter inherit\" style=\"background-color:#041e42;\"><div class=\"port\"><div class=\"boldCell\"><div class=\"boldCellInner\"><div class=\"boldRow \" ><div class=\"boldRowInner\"><div class=\"rowItem col-md-6 col-sm-12 btTextLeft\"  data-width=\"6\"><div class=\"rowItemContent\" ><div class=\"btClear btSeparator topSpaced bottomExtraSmallSpaced noBorder\" ><hr><\/div><header class=\"header btClear large\" ><div class=\"btSuperTitle\">Kombinieren Sie mit der Ausbildung zum&#8230;<\/div><div class=\"dash\"><h2><span class=\"headline\">Digital <b class=\"animate\"> Learning <\/b> Transformation <b class=\"animate\"> Experten<\/b> <\/span><\/h2><\/div><div class=\"btSubTitle\">Empowered your Learning Experts <\/div><\/header><div class=\"btClear btSeparator bottomSmallSpaced noBorder\" ><hr><\/div><a href=\"http:\/\/www.torstenfell.com\/academy\/digital-learning-transformation\/\" class=\"btBtn btBtn btnOutlineStyle btnAccentColor btnSmall btnNormalWidth btnRightPosition btnNoIcon\" ><span class=\"btnInnerText\">Details zu den Trainingsmodulen<\/span><\/a><div class=\"btClear btSeparator bottomSemiSpaced noBorder\" ><hr><\/div><\/div><\/div><div class=\"rowItem col-md-6 col-sm-12 btTextLeft\"  data-width=\"6\"><div class=\"rowItemContent\" ><div class=\"btClear btSeparator topSpaced bottomExtraSmallSpaced noBorder\" ><hr><\/div><header class=\"header btClear large\" ><div class=\"btSuperTitle\">Kombinieren Sie mit dem Video-Kurs&#8230;<\/div><div class=\"dash\"><h2><span class=\"headline\"><b class=\"animate\">Corporate <\/b> Learning in einer <b class=\"animate\"> Arbeitswelt 4.0<\/b><\/span><\/h2><\/div><div class=\"btSubTitle\">4 Stunden Video-Online-Learning<\/div><\/header><div class=\"btClear btSeparator bottomSmallSpaced noBorder\" ><hr><\/div><a href=\"http:\/\/www.torstenfell.com\/academy\/corporate-learning-in-einer-arbeitswelt-4-0\/\" class=\"btBtn btBtn btnOutlineStyle btnAccentColor btnSmall btnNormalWidth btnRightPosition btnNoIcon\" ><span class=\"btnInnerText\">Details zum Online Video-Kurs<\/span><\/a><div class=\"btClear btSeparator bottomSemiSpaced noBorder\" ><hr><\/div><\/div><\/div><\/div><\/div><\/div><\/div><\/div><\/section>","protected":false},"excerpt":{"rendered":"","protected":false},"author":1,"featured_media":0,"parent":0,"menu_order":0,"comment_status":"closed","ping_status":"closed","template":"","meta":[],"_links":{"self":[{"href":"https:\/\/www.torstenfell.com\/academy\/wp-json\/wp\/v2\/pages\/1694"}],"collection":[{"href":"https:\/\/www.torstenfell.com\/academy\/wp-json\/wp\/v2\/pages"}],"about":[{"href":"https:\/\/www.torstenfell.com\/academy\/wp-json\/wp\/v2\/types\/page"}],"author":[{"embeddable":true,"href":"https:\/\/www.torstenfell.com\/academy\/wp-json\/wp\/v2\/users\/1"}],"replies":[{"embeddable":true,"href":"https:\/\/www.torstenfell.com\/academy\/wp-json\/wp\/v2\/comments?post=1694"}],"version-history":[{"count":42,"href":"https:\/\/www.torstenfell.com\/academy\/wp-json\/wp\/v2\/pages\/1694\/revisions"}],"predecessor-version":[{"id":2006,"href":"https:\/\/www.torstenfell.com\/academy\/wp-json\/wp\/v2\/pages\/1694\/revisions\/2006"}],"wp:attachment":[{"href":"https:\/\/www.torstenfell.com\/academy\/wp-json\/wp\/v2\/media?parent=1694"}],"curies":[{"name":"wp","href":"https:\/\/api.w.org\/{rel}","templated":true}]}}