{"id":2,"date":"2015-12-09T12:06:18","date_gmt":"2015-12-09T12:06:18","guid":{"rendered":"http:\/\/eventim.omnicom-dev.com\/conference\/?page_id=2"},"modified":"2022-02-18T10:14:04","modified_gmt":"2022-02-18T09:14:04","slug":"home","status":"publish","type":"page","link":"https:\/\/www.torstenfell.com\/academy\/","title":{"rendered":"Home"},"content":{"rendered":"<section id=\"bt_section69eab3a1b6991\"  class=\"boldSection topExtraSpaced bottomSpaced btDarkSkin gutter fullScreenHeight btBottomVertical wBackground cover btStriped black\" style=\"background-image:url('https:\/\/www.torstenfell.com\/academy\/wp-content\/uploads\/2018\/06\/vr_mr-ani.gif');\"><div class=\"port\"><div class=\"boldCell\"><div class=\"boldCellInner\"><div class=\"boldRow \" ><div class=\"boldRowInner\"><div class=\"rowItem col-md-12 col-ms-12  btTextLeft animate animate-fadein inherit\"  data-width=\"12\"><div class=\"rowItemContent\" ><header class=\"header btClear large btDash bottomDash\" ><div class=\"btSuperTitle\">Zukunft gestalten- Machen ist wie denken nur krasser<\/div><div class=\"dash\"><h2><span class=\"headline\"><b class=\"animate\">Immersive<\/b> Learning (VR, AR, MR) und Corporate <b class=\"animate\">Learning<\/b> und Business <b class=\"animate\">Transformation<\/b><br><b class=\"animate\">20<\/b> Jahre Praxiserfahrung und \u00fcber <b class=\"animate\"> 100<\/b> Projekte<br><\/span><\/h2><\/div><div class=\"btSubTitle\">Impulsgeber, Speaker, Berater, Dozent, Autor und out-of-the-box denken<\/div><\/header><\/div><\/div><\/div><\/div><\/div><\/div><\/div><\/section><section id=\"bt_section69eab3a1b6b44\"  class=\"boldSection topSpaced bottomSmallSpaced btDarkSkin gutter inherit\" style=\"background-color:#041e42;\"><div class=\"port\"><div class=\"boldCell\"><div class=\"boldCellInner\"><div class=\"boldRow \" ><div class=\"boldRowInner\"><div class=\"rowItem col-md-12 col-ms-12  btTextCenter btMiddleVertical\"  data-width=\"12\"><div class=\"rowItemContent\" ><header class=\"header btClear large\" ><div class=\"btSuperTitle\">Als Speaker buchen<\/div><div class=\"dash\"><h2><span class=\"headline\">Keynote, Vortrag oder Beratung\/Workshop<\/span><\/h2><\/div><div class=\"btSubTitle\">Sie suchen eine emotionale und mitreisende Keynote, einen Vortrag z.B. f\u00fcr eine Inhouse-Veranstaltung oder wollen Beratung oder einen Workshop durchf\u00fchren.<\/div><\/header><a href=\"http:\/\/www.torstenfell.com\/academy\/torsten-fell-als-speaker\/\" class=\"btBtn btBtn btnFilledStyle btnAccentColor btnMedium btnNormalWidth btnRightPosition btnNoIcon\" ><span class=\"btnInnerText\">Speakeranfrage<\/span><\/a><div class=\"btClear btSeparator topExtraSmallSpaced bottomSmallSpaced noBorder\" ><hr><\/div><\/div><\/div><\/div><\/div><\/div><\/div><\/div><\/section><section id=\"bt_section69eab3a1b6c85\"  class=\"boldSection btDarkSkin inherit\" ><div class=\"port\"><div class=\"boldCell\"><div class=\"boldCellInner\"><div class=\"boldRow \" ><div class=\"boldRowInner\"><div class=\"rowItem col-md-6 col-sm-12 btTextCenter btTextIndent btMiddleVertical btNoPadding\"  data-width=\"6\"><div class=\"rowItemContent\" style = \"background-color:#041e42;\"><div class=\"btClear btSeparator topSmallSpaced bottomSmallSpaced noBorder\" ><hr><\/div><header class=\"header btClear medium\" style=\"margin-bottom: 0px;\"><div class=\"btSuperTitle\">Mitmachen am&#8230;<\/div><div class=\"dash\"><h3><span class=\"headline\">Roundtable <b class=\"animate\">\u00abVirtual Reality (VR) Corporate Learning\u00bb<\/b><\/span><\/h3><\/div><div class=\"btSubTitle\">wollen Sie aktiv Mitmachen und gemeinsam mit f\u00fchrenden Unternehmen \u00fcber den Einsatz von Virtual Reality (VR), Augmented Reality (AR) Mixed-Rerality (MR) im Umfeld Corporate Learning austauschen?<\/div><\/header><div class=\"btClear btSeparator topSmallSpaced noBorder\" ><hr><\/div><a href=\"http:\/\/www.torstenfell.com\/academy\/roundtable_vrcl\" class=\"btBtn btBtn btnOutlineStyle btnNormalColor btnSmall btnNormalWidth btnRightPosition btnNoIcon\"  target=\"_self\"><span class=\"btnInnerText\">Ja ich habe Interesse<\/span><\/a><div class=\"btClear btSeparator topExtraSmallSpaced bottomSmallSpaced noBorder\" ><hr><\/div><\/div><\/div><div class=\"rowItem col-md-6 col-sm-12 btTextCenter btTextIndent btMiddleVertical btNoPadding\" style=\"background-color: rgba(185, 205, 229, 1);\" data-width=\"6\"><div class=\"rowItemContent\" ><div class=\"btClear btSeparator topSmallSpaced bottomSmallSpaced noBorder\" ><hr><\/div><header class=\"header btClear medium\" style=\"margin-bottom: 0px;\"><div class=\"btSuperTitle\">Immer auf dem laufenden sein&#8230;<\/div><div class=\"dash\"><h3><span class=\"headline\">Online Magazine &#8211; <b class=\"animate\">\u00abImmersive Learning News\u00bb<\/b><\/span><\/h3><\/div><div class=\"btSubTitle\">wollen Sie immer auf dem Laufenden sein wenn es um <b>Virtual Reality (VR), Augmented Reality (AR) oder Mixed-Rerality (MR)<\/b> im Umfeld Corporate <b>Learning<\/b> geht, dann schauen Sie sich das neue Online Magazin jetzt an.<\/div><\/header><div class=\"btClear btSeparator topSmallSpaced noBorder\" ><hr><\/div><a href=\"http:\/\/www.immersivelearning.news\" class=\"btBtn btBtn btnOutlineStyle btnNormalColor btnSmall btnNormalWidth btnRightPosition btnNoIcon\"  target=\"_blank\"><span class=\"btnInnerText\">Ja ich will auf dem Laufenden bleiben<\/span><\/a><div class=\"btClear btSeparator topExtraSmallSpaced bottomSemiSpaced noBorder\" ><hr><\/div><\/div><\/div><\/div><\/div><\/div><\/div><\/div><\/section><section id=\"bt_section69eab3a1b6e24\"  class=\"boldSection btDarkSkin inherit\" ><div class=\"port\"><div class=\"boldCell\"><div class=\"boldCellInner\"><div class=\"boldRow \" ><div class=\"boldRowInner\"><div class=\"rowItem col-md-6 col-sm-12 btTextCenter btTextIndent btMiddleVertical btNoPadding\" style=\"background-color: rgba(185, 205, 229, 1);\" data-width=\"6\"><div class=\"rowItemContent\" ><div class=\"btClear btSeparator topSmallSpaced bottomSmallSpaced noBorder\" ><hr><\/div><header class=\"header btClear medium\" style=\"margin-bottom: 0px;\"><div class=\"btSuperTitle\">Impulse f\u00fcr Ihre Veranstaltung<\/div><div class=\"dash\"><h3><span class=\"headline\">Speaker<\/span><\/h3><\/div><div class=\"btSubTitle\">Suchen Sie einen Impulsgeber f\u00fcr Ihre Veranstaltung (Kongress, Messe oder In-House) im Umfeld Immersive Media (VR, AR, MR, 360), Corporate Learning, Business Transformation oder Handwerk im Wandel, dann sprechen Sie mich an.<\/div><\/header><div class=\"btClear btSeparator topSmallSpaced noBorder\" ><hr><\/div><a href=\"http:\/\/www.torstenfell.com\/academy\/torsten-fell-als-speaker\/\" class=\"btBtn btBtn btnOutlineStyle btnNormalColor btnSmall btnNormalWidth btnRightPosition btnNoIcon\"  target=\"_self\"><span class=\"btnInnerText\">Ja ich habe Interesse<\/span><\/a><div class=\"btClear btSeparator topExtraSmallSpaced bottomSmallSpaced noBorder\" ><hr><\/div><\/div><\/div><div class=\"rowItem col-md-6 col-sm-12 btTextCenter btTextIndent btMiddleVertical btNoPadding\" style=\"background-color: rgba(4, 30, 66, 1);\" data-width=\"6\"><div class=\"rowItemContent\" ><div class=\"btClear btSeparator topSmallSpaced bottomSmallSpaced noBorder\" ><hr><\/div><header class=\"header btClear medium\" style=\"margin-bottom: 0px;\"><div class=\"btSuperTitle\">Infografik und Studie Immersive Learning<\/div><div class=\"dash\"><h3><span class=\"headline\">Infografik Anbieter und Erfahrungen Einsatz von <b class=\"animate\">\u00abImmersive Learning\u00bb<\/b><br><\/span><\/h3><\/div><div class=\"btSubTitle\">Sie suchen f\u00fcr Ihr Projekt einen Anbieter im Umfeld Immersive Learning oder wollen zur aktuellen Erfahrung des Einsatz von Immersive Learning in Unternehmen mehr erfahren (Studie 2018)?<\/div><\/header><div class=\"btClear btSeparator topSmallSpaced noBorder\" ><hr><\/div><a href=\"http:\/\/www.immersivelearning.news\/infographics-vr-ar-immersive-learning\/\" class=\"btBtn btBtn btnOutlineStyle btnNormalColor btnSmall btnNormalWidth btnRightPosition btnNoIcon\"  target=\"_self\"><span class=\"btnInnerText\">Ja ich habe Interesse<\/span><\/a><div class=\"btClear btSeparator topExtraSmallSpaced bottomSmallSpaced noBorder\" ><hr><\/div><\/div><\/div><\/div><\/div><\/div><\/div><\/div><\/section><section id=\"bt_section69eab3a1b6f81\"  class=\"boldSection topSpaced bottomSpaced btLightSkin gutter inherit\" ><div class=\"port\"><div class=\"boldCell\"><div class=\"boldCellInner\"><div class=\"boldRow \" ><div class=\"boldRowInner\"><div class=\"rowItem col-md-6 col-sm-12 btTextLeft inherit\"  data-width=\"6\"><div class=\"rowItemContent\" ><header class=\"header btClear extralarge btDash bottomDash\" style=\"margin-bottom: 0px;\"><div class=\"dash\"><h1><span class=\"headline\">News \/ Impulse<\/span><\/h1><\/div><div class=\"btSubTitle\">Aktuelle Angebote und Erlebnisse.<\/div><\/header><div class=\"btClear btSeparator topSemiSpaced noBorder\" ><hr><\/div><\/div><\/div><div class=\"rowItem col-md-6 col-sm-12 btTextRight btMiddleVertical\"  data-width=\"6\"><div class=\"rowItemContent\" ><\/div><\/div><\/div><\/div><div class=\"boldRow \" ><div class=\"boldRowInner\"><div class=\"rowItem col-md-12 col-ms-12  btTextLeft inherit\"  data-width=\"12\"><div class=\"rowItemContent\" ><div class=\"btLatestPostsContainer horizontalPosts \" >\r\n\t\t\t\t<div class=\"btSingleLatestPost col-sm-4 col-ms-12  inherit\"><div class=\"btSingleLatestPostImage btTextCenter\"><div class=\"bpgPhoto \" > \r\n\t\t\t\t\t<a href=\"https:\/\/www.torstenfell.com\/academy\/lernen-und-wissen-in-der-industrie-4-0\/\" target=\"_self\"><\/a>\r\n\t\t\t\t\t<div class=\"boldPhotoBox\"><div class=\"bpbItem\"><div class = \"btImage\"><img src=\"https:\/\/www.torstenfell.com\/academy\/wp-content\/uploads\/2016\/07\/industrie_40.png\" alt=\"https:\/\/www.torstenfell.com\/academy\/wp-content\/uploads\/2016\/07\/industrie_40.png\" ><\/div><\/div><\/div>\r\n\t\t\t\t\t<div class=\"captionPane btDarkSkin\">\r\n\t\t\t\t\t\t<div class=\"captionTable\">\r\n\t\t\t\t\t\t\t<div class=\"captionCell\">\r\n\t\t\t\t\t\t\t\t<div class=\"captionTxt\"><\/div>\r\n\t\t\t\t\t\t\t<\/div>\r\n\t\t\t\t\t\t<\/div>\r\n\t\t\t\t\t<\/div><\/div><\/div><div class = \"btSingleLatestPostContent\">\r\n\t\t\t\t\t\t<header class=\"header btClear medium btDash bottomDash\" ><div class=\"dash\"><h3><span class=\"headline\"><a href=\"https:\/\/www.torstenfell.com\/academy\/lernen-und-wissen-in-der-industrie-4-0\/\" target=\"_self\">Lernen und Wissen in der Industrie 4.0<\/a><\/span><\/h3><\/div><div class=\"btSubTitle\"><span class=\"btArticleDate\">6. April 2018<\/span><\/div><\/header>\r\n\t\t\t\t\t<\/div>\r\n\t\t\t\t<\/div>\r\n\t\t\t\t<div class=\"btSingleLatestPost col-sm-4 col-ms-12  inherit\"><div class=\"btSingleLatestPostImage btTextCenter\"><div class=\"bpgPhoto \" > \r\n\t\t\t\t\t<a href=\"https:\/\/www.torstenfell.com\/academy\/brauchen-wir-heute-in-einer-arbeitswelt-4-0-ueberhaupt-ein-lms-oder-eine-eigene-lernwelt\/\" target=\"_self\"><\/a>\r\n\t\t\t\t\t<div class=\"boldPhotoBox\"><div class=\"bpbItem\"><div class = \"btImage\"><img src=\"https:\/\/www.torstenfell.com\/academy\/wp-content\/uploads\/2016\/06\/arbeitswelt_40-1080x540.png\" alt=\"https:\/\/www.torstenfell.com\/academy\/wp-content\/uploads\/2016\/06\/arbeitswelt_40-1080x540.png\" ><\/div><\/div><\/div>\r\n\t\t\t\t\t<div class=\"captionPane btDarkSkin\">\r\n\t\t\t\t\t\t<div class=\"captionTable\">\r\n\t\t\t\t\t\t\t<div class=\"captionCell\">\r\n\t\t\t\t\t\t\t\t<div class=\"captionTxt\"><\/div>\r\n\t\t\t\t\t\t\t<\/div>\r\n\t\t\t\t\t\t<\/div>\r\n\t\t\t\t\t<\/div><\/div><\/div><div class = \"btSingleLatestPostContent\">\r\n\t\t\t\t\t\t<header class=\"header btClear medium btDash bottomDash\" ><div class=\"dash\"><h3><span class=\"headline\"><a href=\"https:\/\/www.torstenfell.com\/academy\/brauchen-wir-heute-in-einer-arbeitswelt-4-0-ueberhaupt-ein-lms-oder-eine-eigene-lernwelt\/\" target=\"_self\">Brauchen wir heute in einer Arbeitswelt 4.0 \u00fcberhaupt ein LMS oder eine eigene Lernwelt?<\/a><\/span><\/h3><\/div><div class=\"btSubTitle\"><span class=\"btArticleDate\">14. M\u00e4rz 2018<\/span><\/div><\/header>\r\n\t\t\t\t\t<\/div>\r\n\t\t\t\t<\/div>\r\n\t\t\t\t<div class=\"btSingleLatestPost col-sm-4 col-ms-12  inherit\"><div class=\"btSingleLatestPostImage btTextCenter\"><div class=\"bpgPhoto \" > \r\n\t\t\t\t\t<a href=\"https:\/\/www.torstenfell.com\/academy\/learntec-2018-ein-sehr-persoenlicher-bericht-ueber-eindruecke-und-erlebnisse\/\" target=\"_self\"><\/a>\r\n\t\t\t\t\t<div class=\"boldPhotoBox\"><div class=\"bpbItem\"><div class = \"btImage\"><img src=\"https:\/\/www.torstenfell.com\/academy\/wp-content\/uploads\/2018\/02\/learntec_insights_in_zahlen_fell-1080x540.jpg\" alt=\"https:\/\/www.torstenfell.com\/academy\/wp-content\/uploads\/2018\/02\/learntec_insights_in_zahlen_fell-1080x540.jpg\" ><\/div><\/div><\/div>\r\n\t\t\t\t\t<div class=\"captionPane btDarkSkin\">\r\n\t\t\t\t\t\t<div class=\"captionTable\">\r\n\t\t\t\t\t\t\t<div class=\"captionCell\">\r\n\t\t\t\t\t\t\t\t<div class=\"captionTxt\"><\/div>\r\n\t\t\t\t\t\t\t<\/div>\r\n\t\t\t\t\t\t<\/div>\r\n\t\t\t\t\t<\/div><\/div><\/div><div class = \"btSingleLatestPostContent\">\r\n\t\t\t\t\t\t<header class=\"header btClear medium btDash bottomDash\" ><div class=\"dash\"><h3><span class=\"headline\"><a href=\"https:\/\/www.torstenfell.com\/academy\/learntec-2018-ein-sehr-persoenlicher-bericht-ueber-eindruecke-und-erlebnisse\/\" target=\"_self\">Learntec 2018 ein sehr pers\u00f6nlicher Bericht \u00fcber Eindr\u00fccke und Erlebnisse<\/a><\/span><\/h3><\/div><div class=\"btSubTitle\"><span class=\"btArticleDate\">2. Februar 2018<\/span><\/div><\/header>\r\n\t\t\t\t\t<\/div>\r\n\t\t\t\t<\/div><\/div><div class=\"btLatestPostsContainer horizontalPosts \" >\r\n\t\t\t\t<div class=\"btSingleLatestPost col-sm-4 col-ms-12  inherit\"><div class=\"btSingleLatestPostImage btTextCenter\"><div class=\"bpgPhoto \" > \r\n\t\t\t\t\t<a href=\"https:\/\/www.torstenfell.com\/academy\/vrar-als-neue-lernform-und-lernformat-aber-wie-sehen-erfolgreiche-didaktischemethodische-umsetzungen-aus\/\" target=\"_self\"><\/a>\r\n\t\t\t\t\t<div class=\"boldPhotoBox\"><div class=\"bpbItem\"><div class = \"btImage\"><img src=\"https:\/\/www.torstenfell.com\/academy\/wp-content\/uploads\/2018\/06\/vr_lernkonzepte-1080x540.jpg\" alt=\"https:\/\/www.torstenfell.com\/academy\/wp-content\/uploads\/2018\/06\/vr_lernkonzepte-1080x540.jpg\" ><\/div><\/div><\/div>\r\n\t\t\t\t\t<div class=\"captionPane btDarkSkin\">\r\n\t\t\t\t\t\t<div class=\"captionTable\">\r\n\t\t\t\t\t\t\t<div class=\"captionCell\">\r\n\t\t\t\t\t\t\t\t<div class=\"captionTxt\"><\/div>\r\n\t\t\t\t\t\t\t<\/div>\r\n\t\t\t\t\t\t<\/div>\r\n\t\t\t\t\t<\/div><\/div><\/div><div class = \"btSingleLatestPostContent\">\r\n\t\t\t\t\t\t<header class=\"header btClear medium btDash bottomDash\" ><div class=\"dash\"><h3><span class=\"headline\"><a href=\"https:\/\/www.torstenfell.com\/academy\/vrar-als-neue-lernform-und-lernformat-aber-wie-sehen-erfolgreiche-didaktischemethodische-umsetzungen-aus\/\" target=\"_self\">VR\/AR als Lernform und Lernformat \u2013 erfolgreiche didaktische \/ methodische Umsetzungen?<\/a><\/span><\/h3><\/div><div class=\"btSubTitle\"><span class=\"btArticleDate\">13. Juni 2018<\/span><\/div><\/header>\r\n\t\t\t\t\t<\/div>\r\n\t\t\t\t<\/div>\r\n\t\t\t\t<div class=\"btSingleLatestPost col-sm-4 col-ms-12  inherit\"><div class=\"btSingleLatestPostImage btTextCenter\"><div class=\"bpgPhoto \" > \r\n\t\t\t\t\t<a href=\"https:\/\/www.torstenfell.com\/academy\/the-end-of-distance-virtuelle-lernraeume-learning-spaces-mit-und-in-virtual-reality-vr-augmented-reality-ar\/\" target=\"_self\"><\/a>\r\n\t\t\t\t\t<div class=\"boldPhotoBox\"><div class=\"bpbItem\"><div class = \"btImage\"><img src=\"https:\/\/www.torstenfell.com\/academy\/wp-content\/uploads\/2018\/06\/endofdistance-965x540.jpg\" alt=\"https:\/\/www.torstenfell.com\/academy\/wp-content\/uploads\/2018\/06\/endofdistance-965x540.jpg\" ><\/div><\/div><\/div>\r\n\t\t\t\t\t<div class=\"captionPane btDarkSkin\">\r\n\t\t\t\t\t\t<div class=\"captionTable\">\r\n\t\t\t\t\t\t\t<div class=\"captionCell\">\r\n\t\t\t\t\t\t\t\t<div class=\"captionTxt\"><\/div>\r\n\t\t\t\t\t\t\t<\/div>\r\n\t\t\t\t\t\t<\/div>\r\n\t\t\t\t\t<\/div><\/div><\/div><div class = \"btSingleLatestPostContent\">\r\n\t\t\t\t\t\t<header class=\"header btClear medium btDash bottomDash\" ><div class=\"dash\"><h3><span class=\"headline\"><a href=\"https:\/\/www.torstenfell.com\/academy\/the-end-of-distance-virtuelle-lernraeume-learning-spaces-mit-und-in-virtual-reality-vr-augmented-reality-ar\/\" target=\"_self\">The End of DISTANCE &#8211; Virtuelle Lernr\u00e4ume \u2013 VR\/AR-Learning Spaces<\/a><\/span><\/h3><\/div><div class=\"btSubTitle\"><span class=\"btArticleDate\">4. Juni 2018<\/span><\/div><\/header>\r\n\t\t\t\t\t<\/div>\r\n\t\t\t\t<\/div>\r\n\t\t\t\t<div class=\"btSingleLatestPost col-sm-4 col-ms-12  inherit\"><div class=\"btSingleLatestPostImage btTextCenter\"><div class=\"bpgPhoto \" > \r\n\t\t\t\t\t<a href=\"https:\/\/www.torstenfell.com\/academy\/wow-oder-bald-nicht-mehr-wow-das-ist-hier-die-frage\/\" target=\"_self\"><\/a>\r\n\t\t\t\t\t<div class=\"boldPhotoBox\"><div class=\"bpbItem\"><div class = \"btImage\"><img src=\"https:\/\/www.torstenfell.com\/academy\/wp-content\/uploads\/2018\/06\/wow_vr_ar_mr-1080x540.jpg\" alt=\"https:\/\/www.torstenfell.com\/academy\/wp-content\/uploads\/2018\/06\/wow_vr_ar_mr-1080x540.jpg\" ><\/div><\/div><\/div>\r\n\t\t\t\t\t<div class=\"captionPane btDarkSkin\">\r\n\t\t\t\t\t\t<div class=\"captionTable\">\r\n\t\t\t\t\t\t\t<div class=\"captionCell\">\r\n\t\t\t\t\t\t\t\t<div class=\"captionTxt\"><\/div>\r\n\t\t\t\t\t\t\t<\/div>\r\n\t\t\t\t\t\t<\/div>\r\n\t\t\t\t\t<\/div><\/div><\/div><div class = \"btSingleLatestPostContent\">\r\n\t\t\t\t\t\t<header class=\"header btClear medium btDash bottomDash\" ><div class=\"dash\"><h3><span class=\"headline\"><a href=\"https:\/\/www.torstenfell.com\/academy\/wow-oder-bald-nicht-mehr-wow-das-ist-hier-die-frage\/\" target=\"_self\">WOW oder bald nicht mehr WOW \u2013 das ist hier die Frage<\/a><\/span><\/h3><\/div><div class=\"btSubTitle\"><span class=\"btArticleDate\">3. Juni 2018<\/span><\/div><\/header>\r\n\t\t\t\t\t<\/div>\r\n\t\t\t\t<\/div><\/div><\/div><\/div><\/div><\/div><\/div><\/div><\/div><\/section><section id=\"bt_section69eab3a1bcedc\"  class=\"boldSection topSpaced bottomSmallSpaced btDarkSkin gutter inherit\" style=\"background-color:#041e42;\"><div class=\"port\"><div class=\"boldCell\"><div class=\"boldCellInner\"><div class=\"boldRow \" ><div class=\"boldRowInner\"><div class=\"rowItem col-md-6 col-sm-12 btTextLeft inherit\"  data-width=\"6\"><div class=\"rowItemContent\" ><header class=\"header btClear large btDash bottomDash\" ><div class=\"btSuperTitle\">Wissen weitergeben<\/div><div class=\"dash\"><h2><span class=\"headline\">Speakerauftritte<\/span><\/h2><\/div><div class=\"btSubTitle\">Wo k\u00f6nnen sie mich und wo h\u00e4tten Sie mich erleben k\u00f6nnen. Ich freue mich Sie pers\u00f6nlich kennen zu lernen, bei Fragen einfach in Twitter #asktorsten oder \u00fcber das Kontaktformular.<br><\/div><\/header><\/div><\/div><div class=\"rowItem col-md-6 col-sm-12 btTextLeft inherit\"  data-width=\"6\"><div class=\"rowItemContent\" ><\/div><\/div><\/div><\/div><div class=\"boldRow \" ><div class=\"boldRowInner\"><div class=\"rowItem col-md-12 col-ms-12  btTextLeft inherit\"  data-width=\"12\"><div class=\"rowItemContent\" ><header class=\"header btClear small\" ><div class=\"btSuperTitle\">Auszug<\/div><div class=\"dash\"><h4><span class=\"headline\">2020 \/ 2021<\/span><\/h4><\/div><\/header><div class=\"boldClientList btCarouselSmallNav\"><div class=\"bclPort\"><\/div><\/div><\/div><\/div><\/div><\/div><div class=\"boldRow \" ><div class=\"boldRowInner\"><div class=\"rowItem col-md-12 col-ms-12  btTextLeft inherit\"  data-width=\"12\"><div class=\"rowItemContent\" ><a href=\"http:\/\/www.torstenfell.com\/academy\/torsten-fell-als-speaker\/\" class=\"btBtn btBtn btnOutlineStyle btnNormalColor btnSmall btnNormalWidth btnRightPosition btnNoIcon\" ><span class=\"btnInnerText\">Mehr zu den Auftritten<\/span><\/a><div class=\"btClear btSeparator topExtraSmallSpaced bottomExtraSmallSpaced noBorder\" ><hr><\/div><\/div><\/div><\/div><\/div><\/div><\/div><\/div><\/section>","protected":false},"excerpt":{"rendered":"","protected":false},"author":1,"featured_media":0,"parent":0,"menu_order":0,"comment_status":"closed","ping_status":"closed","template":"","meta":[],"_links":{"self":[{"href":"https:\/\/www.torstenfell.com\/academy\/wp-json\/wp\/v2\/pages\/2"}],"collection":[{"href":"https:\/\/www.torstenfell.com\/academy\/wp-json\/wp\/v2\/pages"}],"about":[{"href":"https:\/\/www.torstenfell.com\/academy\/wp-json\/wp\/v2\/types\/page"}],"author":[{"embeddable":true,"href":"https:\/\/www.torstenfell.com\/academy\/wp-json\/wp\/v2\/users\/1"}],"replies":[{"embeddable":true,"href":"https:\/\/www.torstenfell.com\/academy\/wp-json\/wp\/v2\/comments?post=2"}],"version-history":[{"count":258,"href":"https:\/\/www.torstenfell.com\/academy\/wp-json\/wp\/v2\/pages\/2\/revisions"}],"predecessor-version":[{"id":3273,"href":"https:\/\/www.torstenfell.com\/academy\/wp-json\/wp\/v2\/pages\/2\/revisions\/3273"}],"wp:attachment":[{"href":"https:\/\/www.torstenfell.com\/academy\/wp-json\/wp\/v2\/media?parent=2"}],"curies":[{"name":"wp","href":"https:\/\/api.w.org\/{rel}","templated":true}]}}