{"id":2551,"date":"2017-08-01T16:35:42","date_gmt":"2017-08-01T14:35:42","guid":{"rendered":"http:\/\/www.torstenfell.com\/academy\/?page_id=2551"},"modified":"2017-08-01T20:04:43","modified_gmt":"2017-08-01T18:04:43","slug":"virtual-reality-vr-learning-experience-designer-vr-led","status":"publish","type":"page","link":"https:\/\/www.torstenfell.com\/academy\/virtual-reality-vr-learning-experience-designer-vr-led\/","title":{"rendered":"Virtual Reality (VR) Learning Experience Designer \u2013 VR-LED"},"content":{"rendered":"<section id=\"bt_section69dec45863233\" data-parallax=\"0.1\" data-parallax-offset=\"0\" class=\"boldSection topExtraSpaced bottomSpaced btDarkSkin gutter btBottomVertical btParallax wBackground cover\" style=\"background-image:url('https:\/\/www.torstenfell.com\/academy\/wp-content\/uploads\/2015\/12\/torsten_fell_bl.png');\"><div class=\"port\"><div class=\"boldCell\"><div class=\"boldCellInner\"><div class=\"boldRow \" ><div class=\"boldRowInner\"><div class=\"rowItem col-md-12 col-ms-12  btTextLeft inherit\"  data-width=\"12\"><div class=\"rowItemContent\" ><header class=\"header btClear large btDash bottomDash\" ><div class=\"btSuperTitle\">Zeit Ihre Skills aufzubauen?<\/div><div class=\"dash\"><h2><span class=\"headline\"><b class=\"animate\">Virtual Reality (VR) Learning Experience Designer <\/b>\r<br>\u2013 VR-LED<\/span><\/h2><\/div><div class=\"btSubTitle\">Erstellen Sie als VR-LED erfolgreiche Immersive Lernerlebnisse und gestalten Sie diese bewusst.<\/div><\/header><\/div><\/div><\/div><\/div><\/div><\/div><\/div><\/section><section id=\"bt_section69dec458633e9\"  class=\"boldSection bottomSmallSpaced gutter inherit\" ><div class=\"port\"><div class=\"boldCell\"><div class=\"boldCellInner\"><div class=\"boldRow \" ><div class=\"boldRowInner\"><div class=\"rowItem col-md-12 col-ms-12  btTextLeft\"  data-width=\"12\"><div class=\"rowItemContent\" ><div class=\"btClear btSeparator topExtraSmallSpaced bottomSemiSpaced noBorder\" ><hr><\/div><div class=\"btText\" ><p>Fordern Sie Informationsmaterial f\u00fcr die exklusive Ausbildung zum<\/p>\n<h2>Virtual Reality (VR) Learning Experience Designer<br \/>\n\u2013 VR-LED<\/h2>\n<p>an oder nehmen Sie an den Info-Webinaren teil.<\/p>\n<p>Gerne stehe ich auch f\u00fcr individuelle Fragen z.B. f\u00fcr eine firmenspezifische Ausbildung Ihrer Trainer zur Verf\u00fcgung.<\/p>\n<\/div><\/div><\/div><\/div><\/div><\/div><\/div><\/div><\/section><section id=\"bt_section69dec4586372f\"  class=\"boldSection topSemiSpaced bottomSemiSpaced btDarkSkin gutter inherit\" style=\"background-color:#041e42;\"><div class=\"port\"><div class=\"boldCell\"><div class=\"boldCellInner\"><div class=\"boldRow \" ><div class=\"boldRowInner\"><div class=\"rowItem col-md-6 col-sm-12 btTextLeft inherit\"  data-width=\"6\"><div class=\"rowItemContent\" ><header class=\"header btClear large btDash bottomDash\" ><div class=\"btSuperTitle\">Interesse<\/div><div class=\"dash\"><h2><span class=\"headline\">Sie interessieren sich f\u00fcr\r<br>die Ausbildung zum\r<br>VR-LED<\/span><\/h2><\/div><div class=\"btSubTitle\">Wollen Sie mehr zur Ausbildung erfahren oder die Termine zu den Info-Webinaren erfahren? <\/div><\/header><\/div><\/div><div class=\"rowItem col-md-6 col-sm-12 btTextLeft animate animate-fadein animate-moveup inherit\"  data-width=\"6\"><div class=\"rowItemContent\" ><header class=\"header btClear medium btDash bottomDash\" ><div class=\"btSuperTitle\">Interesse<\/div><div class=\"dash\"><h3><span class=\"headline\">Informationen zu VR-LED<\/span><\/h3><\/div><div class=\"btSubTitle\">Sie wollen Immersive Learning\r<br>erfolgreich gestalten?<\/div><\/header><div class=\"btClear btSeparator topExtraSmallSpaced noBorder\" ><hr><\/div><div class=\"btText\" ><div role=\"form\" class=\"wpcf7\" id=\"wpcf7-f2605-o1\" lang=\"en-US\" dir=\"ltr\">\n<div class=\"screen-reader-response\">\n<p role=\"status\" aria-live=\"polite\" aria-atomic=\"true\">\n<ul><\/ul>\n<\/div>\n<form action=\"\/academy\/wp-json\/wp\/v2\/pages\/2551#wpcf7-f2605-o1\" method=\"post\" class=\"wpcf7-form init wpcf7-acceptance-as-validation\" novalidate=\"novalidate\" data-status=\"init\">\n<div style=\"display: none;\">\n<input type=\"hidden\" name=\"_wpcf7\" value=\"2605\" \/><br \/>\n<input type=\"hidden\" name=\"_wpcf7_version\" value=\"5.5.6\" \/><br \/>\n<input type=\"hidden\" name=\"_wpcf7_locale\" value=\"en_US\" \/><br \/>\n<input type=\"hidden\" name=\"_wpcf7_unit_tag\" value=\"wpcf7-f2605-o1\" \/><br \/>\n<input type=\"hidden\" name=\"_wpcf7_container_post\" value=\"0\" \/><br \/>\n<input type=\"hidden\" name=\"_wpcf7_posted_data_hash\" value=\"\" \/><br \/>\n<input type=\"hidden\" name=\"_wpcf7_recaptcha_response\" value=\"\" \/>\n<\/div>\n<p>Vorname\/Name*<br \/>\n    <span class=\"wpcf7-form-control-wrap your-name\"><input type=\"text\" name=\"your-name\" value=\"\" size=\"40\" class=\"wpcf7-form-control wpcf7-text wpcf7-validates-as-required\" aria-required=\"true\" aria-invalid=\"false\" \/><\/span> <\/p>\n<p>E-Mail-Adresse*<br \/>\n    <span class=\"wpcf7-form-control-wrap your-email\"><input type=\"email\" name=\"your-email\" value=\"\" size=\"40\" class=\"wpcf7-form-control wpcf7-text wpcf7-email wpcf7-validates-as-required wpcf7-validates-as-email\" aria-required=\"true\" aria-invalid=\"false\" \/><\/span> <\/p>\n<p>Telefonnummer<br \/>\n    <span class=\"wpcf7-form-control-wrap tel-650\"><input type=\"tel\" name=\"tel-650\" value=\"\" size=\"40\" class=\"wpcf7-form-control wpcf7-text wpcf7-tel wpcf7-validates-as-tel\" aria-invalid=\"false\" \/><\/span> <\/p>\n<p>Was interessiert Sie besonders bei der<br \/>\nAusbildung zum VR-LED<br \/>\n    <span class=\"wpcf7-form-control-wrap your-message\"><textarea name=\"your-message\" cols=\"40\" rows=\"10\" class=\"wpcf7-form-control wpcf7-textarea\" aria-invalid=\"false\"><\/textarea><\/span> <\/p>\n<p><b>Bitte beachten:<\/b><br \/>\nDas Formular kann nur mit der Zustimmung zur <a title=\"Datenschutz\" href=\"http:\/\/www.torstenfell.com\/academy\/datenschutzerklaerung\/\"  target=\"_blank\">Datenschutzerkl\u00e4rung<\/a> gesendet werden!<\/p>\n<p><span class=\"wpcf7-form-control-wrap acceptance-639\"><span class=\"wpcf7-form-control wpcf7-acceptance\"><span class=\"wpcf7-list-item\"><input type=\"checkbox\" name=\"acceptance-639\" value=\"1\" aria-invalid=\"false\" \/><\/span><\/span><\/span> ja, ich stimme zu<\/p>\n<p><input type=\"submit\" value=\"Senden\" class=\"wpcf7-form-control has-spinner wpcf7-submit\" \/><\/p>\n<div class=\"wpcf7-response-output\" aria-hidden=\"true\"><\/div>\n<\/form>\n<\/div>\n<\/div><\/div><\/div><\/div><\/div><\/div><\/div><\/div><\/section>","protected":false},"excerpt":{"rendered":"","protected":false},"author":1,"featured_media":0,"parent":0,"menu_order":0,"comment_status":"closed","ping_status":"open","template":"","meta":[],"_links":{"self":[{"href":"https:\/\/www.torstenfell.com\/academy\/wp-json\/wp\/v2\/pages\/2551"}],"collection":[{"href":"https:\/\/www.torstenfell.com\/academy\/wp-json\/wp\/v2\/pages"}],"about":[{"href":"https:\/\/www.torstenfell.com\/academy\/wp-json\/wp\/v2\/types\/page"}],"author":[{"embeddable":true,"href":"https:\/\/www.torstenfell.com\/academy\/wp-json\/wp\/v2\/users\/1"}],"replies":[{"embeddable":true,"href":"https:\/\/www.torstenfell.com\/academy\/wp-json\/wp\/v2\/comments?post=2551"}],"version-history":[{"count":10,"href":"https:\/\/www.torstenfell.com\/academy\/wp-json\/wp\/v2\/pages\/2551\/revisions"}],"predecessor-version":[{"id":2610,"href":"https:\/\/www.torstenfell.com\/academy\/wp-json\/wp\/v2\/pages\/2551\/revisions\/2610"}],"wp:attachment":[{"href":"https:\/\/www.torstenfell.com\/academy\/wp-json\/wp\/v2\/media?parent=2551"}],"curies":[{"name":"wp","href":"https:\/\/api.w.org\/{rel}","templated":true}]}}