{"id":392,"date":"2015-12-09T16:03:06","date_gmt":"2015-12-09T16:03:06","guid":{"rendered":"http:\/\/eventim.omnicom-dev.com\/conference\/?page_id=392"},"modified":"2019-10-12T15:08:02","modified_gmt":"2019-10-12T13:08:02","slug":"speaker-profile","status":"publish","type":"page","link":"https:\/\/www.torstenfell.com\/academy\/speakers\/speaker-profile\/","title":{"rendered":"Speaker profile"},"content":{"rendered":"<section id=\"bt_section6a07bed16f029\"  class=\"boldSection topExtraSpaced bottomSpaced btDarkSkin gutter btBottomVertical wBackground cover\" style=\"background-image:url('https:\/\/www.torstenfell.com\/academy\/wp-content\/uploads\/2015\/12\/torsten_fell_bl.png');\"><div class=\"port\"><div class=\"boldCell\"><div class=\"boldCellInner\"><div class=\"boldRow \" ><div class=\"boldRowInner\"><div class=\"rowItem col-md-12 col-ms-12  btTextLeft inherit\"  data-width=\"12\"><div class=\"rowItemContent\" ><header class=\"header btClear large btDash bottomDash\" ><div class=\"btSuperTitle\">Webinare<\/div><div class=\"dash\"><h2><span class=\"headline\"><b class=\"animate\">Corporate Learning<\/b> \/ <b class=\"animate\">Business Transformation<\/b>\r<br>Zukunftsorientiert, Interaktiv und Emotional\r<br><\/span><\/h2><\/div><div class=\"btSubTitle\">Profitieren Sie von 20 Jahren Erfahrung<\/div><\/header><\/div><\/div><\/div><\/div><\/div><\/div><\/div><\/section><section id=\"bt_section6a07bed16f20d\" data-parallax=\"0.1\" data-parallax-offset=\"0\" class=\"boldSection topSpaced bottomSemiSpaced btDarkSkin gutter inherit btParallax\" style=\"background-color:#041e42;\"><div class=\"port\"><div class=\"boldCell\"><div class=\"boldCellInner\"><div class=\"boldRow \" ><div class=\"boldRowInner\"><div class=\"rowItem col-md-8 col-ms-12 btTextLeft inherit\"  data-width=\"8\"><div class=\"rowItemContent\" ><header class=\"header btClear medium btDash bottomDash\" ><div class=\"btSuperTitle\">Dienstleistungen f\u00fcr Sie<\/div><div class=\"dash\"><h3><span class=\"headline\">Schwerpunkte<\/span><\/h3><\/div><div class=\"btSubTitle\">Folgende Schwerpunktthemen kann ich f\u00fcr Sie anbieten.<\/div><\/header><div class=\"btClear btSeparator bottomSpaced noBorder\" ><hr><\/div><\/div><\/div><div class=\"rowItem col-md-4 col-ms-12 btTextLeft inherit\"  data-width=\"4\"><div class=\"rowItemContent\" ><\/div><\/div><\/div><\/div><div class=\"boldRow \" ><div class=\"boldRowInner\"><div class=\"rowItem col-md-3 col-sm-6 col-ms-12 btTextLeft inherit\"  data-width=\"3\"><div class=\"rowItemContent\" ><div class=\"servicesItem  btIcoAccentColorIcon btIcoBigSizeIcon \"><div class=\"sIcon\"><span class=\"btIco btIcoBigSize btIcoDefaultType btIcoAccentColor\"><a href=\"http:\/\/www.torstenfell.com\/academy\/strategische-beratung-von-torsten-fell\/\" target=\"_self\" data-ico-fa=\"&#xf0c0;\" class=\"btIcoHolder\"><\/a><\/span><\/div><div class=\"sTxt\"><header class=\"header btClear small\" ><div class=\"dash\"><h4><span class=\"headline\">01. Beratung<\/span><\/h4><\/div><\/header><p>Strategische Beratung im Umfeld Corporate Learning und Business (Digital) Transformation.<\/p><\/div><\/div><div class=\"btClear btSeparator bottomSemiSpaced noBorder\" ><hr><\/div><\/div><\/div><div class=\"rowItem col-md-3 col-sm-6 col-ms-12 btTextLeft inherit\"  data-width=\"3\"><div class=\"rowItemContent\" ><div class=\"servicesItem  btIcoAccentColorIcon btIcoBigSizeIcon \"><div class=\"sIcon\"><span class=\"btIco btIcoBigSize btIcoDefaultType btIcoAccentColor\"><a href=\"http:\/\/www.torstenfell.com\/academy\/torsten-fell-als-speaker\/\" target=\"_self\" data-ico-s7=\"&#xe660;\" class=\"btIcoHolder\"><\/a><\/span><\/div><div class=\"sTxt\"><header class=\"header btClear small\" ><div class=\"dash\"><h4><span class=\"headline\">02. Speaker<\/span><\/h4><\/div><\/header><p>Vortr\u00e4ge bei Kongressen, Firmen-Events und Messen.<\/p><\/div><\/div><div class=\"btClear btSeparator bottomSemiSpaced noBorder\" ><hr><\/div><\/div><\/div><div class=\"rowItem col-md-3 col-sm-6 col-ms-12 btTextLeft inherit\"  data-width=\"3\"><div class=\"rowItemContent\" ><div class=\"servicesItem  btIcoAccentColorIcon btIcoBigSizeIcon \"><div class=\"sIcon\"><span class=\"btIco btIcoBigSize btIcoDefaultType btIcoAccentColor\"><a href=\"http:\/\/www.torstenfell.com\/academy\/torsten-fell-als-dozent\/\" target=\"_self\" data-ico-s7=\"&#xe692;\" class=\"btIcoHolder\"><\/a><\/span><\/div><div class=\"sTxt\"><header class=\"header btClear small\" ><div class=\"dash\"><h4><span class=\"headline\">03. Dozent<\/span><\/h4><\/div><\/header><p>Vorlesungen, Trainings, Video-Online-Kurse und Firmenschulungen.<\/p><\/div><\/div><div class=\"btClear btSeparator bottomSemiSpaced noBorder\" ><hr><\/div><\/div><\/div><div class=\"rowItem col-md-3 col-sm-6 col-ms-12 btTextLeft inherit\"  data-width=\"3\"><div class=\"rowItemContent\" ><div class=\"servicesItem  btIcoAccentColorIcon btIcoBigSizeIcon \"><div class=\"sIcon\"><span class=\"btIco btIcoBigSize btIcoDefaultType btIcoAccentColor\"><a href=\"http:\/\/www.torstenfell.com\/academy\/coaching-von-torsten-fell\/\" target=\"_self\" data-ico-fa=\"&#xf021;\" class=\"btIcoHolder\"><\/a><\/span><\/div><div class=\"sTxt\"><header class=\"header btClear small\" ><div class=\"dash\"><h4><span class=\"headline\">04. Coach<\/span><\/h4><\/div><\/header><p>Individuelles Coaching im Umfeld Corporate Learning und Business (Digital) Transformation.<\/p><\/div><\/div><div class=\"btClear btSeparator bottomSemiSpaced noBorder\" ><hr><\/div><\/div><\/div><\/div><\/div><div class=\"boldRow \" ><div class=\"boldRowInner\"><div class=\"rowItem col-md-3 col-sm-6 col-ms-12 btTextLeft inherit\"  data-width=\"3\"><div class=\"rowItemContent\" ><div class=\"servicesItem  btIcoAccentColorIcon btIcoBigSizeIcon \"><div class=\"sIcon\"><span class=\"btIco btIcoBigSize btIcoDefaultType btIcoAccentColor\"><a href=\"http:\/\/www.torstenfell.com\/academy\/news\/blog-grid\/\" target=\"_self\" data-ico-fa=\"&#xf040;\" class=\"btIcoHolder\"><\/a><\/span><\/div><div class=\"sTxt\"><header class=\"header btClear small\" ><div class=\"dash\"><h4><span class=\"headline\">05. Blogger<\/span><\/h4><\/div><\/header><p>Blogger f\u00fcr Themen rund um den Wandel, Corporate Learning und Business (Digital) Transformation.<\/p><\/div><\/div><div class=\"btClear btSeparator bottomSemiSpaced noBorder\" ><hr><\/div><\/div><\/div><div class=\"rowItem col-md-3 col-sm-6 col-ms-12 btTextLeft inherit\"  data-width=\"3\"><div class=\"rowItemContent\" ><div class=\"servicesItem  btIcoAccentColorIcon btIcoBigSizeIcon \"><div class=\"sIcon\"><span class=\"btIco btIcoBigSize btIcoDefaultType btIcoAccentColor\"><a href=\"http:\/\/www.torstenfell.com\/academy\/virtual-reality-vr-artwork\/\" target=\"_self\" data-ico-fa=\"&#xf219;\" class=\"btIcoHolder\"><\/a><\/span><\/div><div class=\"sTxt\"><header class=\"header btClear small\" ><div class=\"dash\"><h4><span class=\"headline\">06. VR-K\u00fcnstler<\/span><\/h4><\/div><\/header><p>Sie wollen in einer sich st\u00e4ndigen \u00e4nderten Welt des Wandels Ihre Lernaktivit\u00e4ten in eine moderne Welt transformieren.<\/p><\/div><\/div><div class=\"btClear btSeparator bottomSemiSpaced noBorder\" ><hr><\/div><\/div><\/div><div class=\"rowItem col-md-3 col-sm-6 col-ms-12 btTextLeft inherit\"  data-width=\"3\"><div class=\"rowItemContent\" ><div class=\"servicesItem  btIcoAccentColorIcon btIcoBigSizeIcon \"><div class=\"sIcon\"><span class=\"btIco btIcoBigSize btIcoDefaultType btIcoAccentColor\"><a href=\"https:\/\/www.youtube.com\/channel\/UCVdutW-lk9E0mwYMTvCRtxw\" target=\"_self\" data-ico-fa=\"&#xf16a;\" class=\"btIcoHolder\"><\/a><\/span><\/div><div class=\"sTxt\"><header class=\"header btClear small\" ><div class=\"dash\"><h4><span class=\"headline\">07. Youtube<\/span><\/h4><\/div><\/header><p>Youtube-Channel f\u00fcr Corporate Learning, Business (Digital) Transformation und Virtual Reality (VR).<\/p><\/div><\/div><div class=\"btClear btSeparator bottomSemiSpaced noBorder\" ><hr><\/div><\/div><\/div><div class=\"rowItem col-md-3 col-sm-6 col-ms-12 btTextLeft inherit\"  data-width=\"3\"><div class=\"rowItemContent\" ><div class=\"servicesItem  btIcoAccentColorIcon btIcoBigSizeIcon \"><div class=\"sIcon\"><span class=\"btIco btIcoBigSize btIcoDefaultType btIcoAccentColor\"><span  data-ico-fa=\"&#xf02d;\" class=\"btIcoHolder\"><\/span><\/span><\/div><div class=\"sTxt\"><header class=\"header btClear small\" ><div class=\"dash\"><h4><span class=\"headline\">08. Autor<\/span><\/h4><\/div><\/header><p>Fachartikel, Podcast und eBook<\/p><\/div><\/div><div class=\"btClear btSeparator bottomSemiSpaced noBorder\" ><hr><\/div><\/div><\/div><\/div><\/div><\/div><\/div><\/div><\/section><section id=\"bt_section6a07bed16f8d2\"  class=\"boldSection topSpaced bottomSpaced gutter inherit\" ><div class=\"port\"><div class=\"boldCell\"><div class=\"boldCellInner\"><div class=\"boldRow \" ><div class=\"boldRowInner\"><div class=\"rowItem col-md-2  col-sm-4 col-ms-12 btTextLeft animate animate-fadein inherit\"  data-width=\"2\"><div class=\"rowItemContent\" ><div class=\"btIconImageRow\" ><div class=\"bpgPhoto  btCircleImage\" ><div class = \"btImage\"><img src=\"https:\/\/www.torstenfell.com\/academy\/wp-content\/uploads\/2015\/12\/torsten_fell_logo_1-320x370.png\" alt=\"https:\/\/www.torstenfell.com\/academy\/wp-content\/uploads\/2015\/12\/torsten_fell_logo_1-320x370.png\" ><\/div><\/div><\/div><\/div><\/div><div class=\"rowItem col-md-8 col-ms-12 btTextLeft inherit\"  data-width=\"8\"><div class=\"rowItemContent\" ><header class=\"header btClear extralarge btDash bottomDash\" ><div class=\"btSuperTitle\">Experte Corporate Learning \/ Business Transformation<\/div><div class=\"dash\"><h1><span class=\"headline\">Torsten <b class=\"animate\">Fell<\/b><\/span><\/h1><\/div><div class=\"btSubTitle\">Corporate Learning&amp;Knowledge Berater, Experte Business Trnsformation und Zukunftsagent-\/erz\u00e4hler.<\/div><\/header><div class=\"btClear btSeparator topSmallSpaced noBorder\" ><hr><\/div><div class=\"btText\" ><p>Torsten Fell<br \/>\nMBA e-learning\/Wissensmanagement<br \/>\nExperte f\u00fcr\u2028 Neue Lerntechnologien<br \/>\nDiplom-Ingenieur (FH) &#8211; Elektrotechnik &#8211; Technische Informatik<br \/>\nIndustrieelektroniker &#8211; Ger\u00e4tetechnik<\/p>\n<p>Als Head Business Transformation war Torsten Fell bis Januar 2017 bei der AXA Winterthur (CH) f\u00fcr die \u201eDigitale\u201d Business Transformation in der Distribution\/Vertriebsentwicklung der AXA Schweiz verantwortlich.<\/p>\n<p>Zuvor war er u. a. verantwortlich bei der Raiffeisen Schweiz \u2013 St.Gallen f\u00fcr die Fach-\/Verkaufs- und Bankapplikationsausbildung und das Thema Neue Lernformen in der von ihm aufgebauten Raiffeisen Academy. Weiterhin war er bei der Dresdner Bank (heute Commerzbank) in der strategischen Personalentwicklung t\u00e4tig und der ING DiBa zentral verantwortlich f\u00fcr neue Lernformen.<\/p>\n<p>Torsten Fell hat sieben Jahre mit \u201eWissen schafft Werte\u201d \u2013 St. Gallen (Schweiz) Unternehmen bei der Gestaltung und Implementierung neuer Lern-, Wissens- und Innovationsprozesse sowie bei der Digitalen Transformation unterst\u00fctzt. Heute ist er als erfahrener Experte im Umfeld Corporate Learning und Digitale Transformation t\u00e4tig und begleitet Firmen bei den Herausforderungen im Wandel.<\/p>\n<p>Als Speaker, Dozent und Autor gibt es sein Wissen gerne weiter und ist mit seiner \u00fcber 19 Jahre vorhandenen Erfahrung somit einer der f\u00fchrenden Experten in diesen Gebieten.<\/p>\n<\/div><div class=\"btClear btSeparator topSemiSpaced noBorder\" ><hr><\/div><header class=\"header btClear medium btDash bottomDash\" ><div class=\"btSuperTitle\">Torsten&#8217;s<\/div><div class=\"dash\"><h3><span class=\"headline\">\u00dcberzeugungen<\/span><\/h3><\/div><div class=\"btSubTitle\">Lernen ist ein individueller Prozess. Dieser ben\u00f6tigt Selbstlernkompetenz, Unterst\u00fctzung, Austausch und Reflexion. Im Mittelpunkt muss das Umsetzen &#8211; d.h. das TUN &#8211; und das Lernen aus gemachter Erfahrungen stehen. Dabei hilft der Austausch mit anderen und die Unterst\u00fctzung z.B. einer F\u00fchrungskraft.<\/div><\/header><div class=\"btText\" ><p>Wie k\u00f6nnen moderne Technologien zur F\u00f6rderung und Nachhaltigkeit der Lernprozesse beitragen? Welche neuen M\u00f6glichkeiten er\u00f6ffnen sich und wie k\u00f6nnen diese konkret umgesetzt werden? Wie k\u00f6nnen Organisation erfolgreich &#8222;neue Lernmethoden&#8220; einf\u00fchren, einsetzen und weiter entwickeln? Diese Fragen werden in den Lernangeboten von Torsten Fell beantwortet und diskutiert.<\/p>\n<\/div><\/div><\/div><div class=\"rowItem col-md-2  col-sm-4 col-ms-12 btTextLeft animate animate-fadein animate-moveup inherit\"  data-width=\"2\"><div class=\"rowItemContent\" ><div class=\"btClear btSeparator topSpaced noBorder\" ><hr><\/div><div class=\"btClear btSeparator topSpaced noBorder\" ><hr><\/div><header class=\"header btClear small btDash bottomDash\" ><div class=\"btSuperTitle\">Make<\/div><div class=\"dash\"><h4><span class=\"headline\">Connection<\/span><\/h4><\/div><div class=\"btSubTitle\">Follow Torsten<\/div><\/header><div class=\"btClear btSeparator topExtraSmallSpaced noBorder\" ><hr><\/div><div class=\"btIconImageRow\" ><span class=\"btIco btIcoFilledType btIcoSmallSize btIcoAccentColor\"><a href=\"https:\/\/www.linkedin.com\/in\/torstenfell\"  target=\"_blank\" data-ico-fa=\"&#xf0e1;\" class=\"btIcoHolder\"><\/a><\/span><span class=\"btIco btIcoFilledType btIcoSmallSize btIcoAccentColor\"><a href=\"https:\/\/twitter.com\/torsten_fell\"  target=\"_blank\" data-ico-fa=\"&#xf099;\" class=\"btIcoHolder\"><\/a><\/span><span class=\"btIco btIcoFilledType btIcoSmallSize btIcoAccentColor\"><a href=\"https:\/\/www.xing.com\/profile\/Torsten_Fell2\"  target=\"_blank\" data-ico-fa=\"&#xf168;\" class=\"btIcoHolder\"><\/a><\/span><span class=\"btIco btIcoFilledType btIcoSmallSize btIcoAccentColor\"><a href=\"https:\/\/www.youtube.com\/channel\/UCVdutW-lk9E0mwYMTvCRtxw\"  target=\"_blank\" data-ico-fa=\"&#xf16a;\" class=\"btIcoHolder\"><\/a><\/span><\/div><div class=\"btClear btSeparator topSemiSpaced noBorder\" ><hr><\/div><header class=\"header btClear small btDash bottomDash\" ><div class=\"btSuperTitle\">Meet<\/div><div class=\"dash\"><h4><span class=\"headline\">Company<\/span><\/h4><\/div><\/header><div class=\"btClear btSeparator topExtraSmallSpaced noBorder\" ><hr><\/div><div class=\"bpgPhoto \" ><div class = \"btImage\"><img src=\"https:\/\/www.torstenfell.com\/academy\/wp-content\/uploads\/2015\/12\/torsten_fell_academy.png\" alt=\"https:\/\/www.torstenfell.com\/academy\/wp-content\/uploads\/2015\/12\/torsten_fell_academy.png\" ><\/div><\/div><div class=\"btClear btSeparator topExtraSmallSpaced noBorder\" ><hr><\/div><\/div><\/div><\/div><\/div><\/div><\/div><\/div><\/section><section id=\"bt_section6a07bed170242\"  class=\"boldSection topSemiSpaced bottomSpaced btDarkSkin gutter inherit\" style=\"background-color:#041e42;\"><div class=\"port\"><div class=\"boldCell\"><div class=\"boldCellInner\"><div class=\"boldRow \" ><div class=\"boldRowInner\"><div class=\"rowItem col-md-6 col-sm-12 btTextLeft inherit\"  data-width=\"6\"><div class=\"rowItemContent\" ><header class=\"header btClear extralarge btDash bottomDash\" ><div class=\"btSuperTitle\">Torsten&#8217;s<\/div><div class=\"dash\"><h1><span class=\"headline\">Webinare<\/span><\/h1><\/div><div class=\"btSubTitle\">Die Webinare sind Interaktiv gestaltet. Sie profitieren von zukunftsorientierten Themenfeldern. Sie bekommen Impulse f\u00fcr Ihre eigenen Rahmenbedingungen. <\/div><\/header><\/div><\/div><div class=\"rowItem col-md-3 col-sm-6 col-ms-12 btTextLeft animate animate-fadein animate-moveup inherit\"  data-width=\"3\"><div class=\"rowItemContent\" ><div class=\"btClear btSeparator topSemiSpaced noBorder\" ><hr><\/div><div class=\"btClear btSeparator topSmallSpaced noBorder\" ><hr><\/div><header class=\"header btClear medium btDash bottomDash\" ><div class=\"btSuperTitle\">Webinar<\/div><div class=\"dash\"><h3><span class=\"headline\">Virtual Reality\r<br>im Lernen<\/span><\/h3><\/div><div class=\"btSubTitle\">Das n\u00e4chtse gross Ding? Erfahren Sie mehr zu den M\u00f6glichkeiten der Virtuellen Realit\u00e4t. <\/div><\/header><div class=\"btClear btSeparator topExtraSmallSpaced noBorder\" ><hr><\/div><a href=\"http:\/\/www.torstenfell.com\/academy\/webinar-virtual-reality-vr-einfach-erklaert\" class=\"btBtn btBtn btnOutlineStyle btnAccentColor btnSmall btnNormalWidth btnRightPosition btnNoIcon\" ><span class=\"btnInnerText\">Read more<\/span><\/a><div class=\"btClear btSeparator topSemiSpaced noBorder\" ><hr><\/div><\/div><\/div><div class=\"rowItem col-md-3 col-sm-6 col-ms-12 btTextLeft animate animate-fadein animate-moveup inherit\"  data-width=\"3\"><div class=\"rowItemContent\" ><div class=\"btClear btSeparator topSemiSpaced noBorder\" ><hr><\/div><div class=\"btClear btSeparator topSmallSpaced noBorder\" ><hr><\/div><header class=\"header btClear medium btDash bottomDash\" ><div class=\"btSuperTitle\">Webinar<\/div><div class=\"dash\"><h3><span class=\"headline\">Marketing-\r<br>analogien<\/span><\/h3><\/div><div class=\"btSubTitle\">Lernen neu gedacht. Wie k\u00f6nnen Marketing-Ans\u00e4tze das Corporate Learning ver\u00e4ndern?<\/div><\/header><div class=\"btClear btSeparator topExtraSmallSpaced noBorder\" ><hr><\/div><a href=\"http:\/\/www.torstenfell.com\/academy\/webinar-was-kann-learning-von-marketing-lernen\" class=\"btBtn btBtn btnOutlineStyle btnAccentColor btnSmall btnNormalWidth btnRightPosition btnNoIcon\"  target=\"_self\"><span class=\"btnInnerText\">Read more<\/span><\/a><div class=\"btClear btSeparator topSemiSpaced noBorder\" ><hr><\/div><\/div><\/div><\/div><\/div><\/div><\/div><\/div><\/section>","protected":false},"excerpt":{"rendered":"","protected":false},"author":1,"featured_media":0,"parent":8,"menu_order":0,"comment_status":"closed","ping_status":"closed","template":"","meta":[],"_links":{"self":[{"href":"https:\/\/www.torstenfell.com\/academy\/wp-json\/wp\/v2\/pages\/392"}],"collection":[{"href":"https:\/\/www.torstenfell.com\/academy\/wp-json\/wp\/v2\/pages"}],"about":[{"href":"https:\/\/www.torstenfell.com\/academy\/wp-json\/wp\/v2\/types\/page"}],"author":[{"embeddable":true,"href":"https:\/\/www.torstenfell.com\/academy\/wp-json\/wp\/v2\/users\/1"}],"replies":[{"embeddable":true,"href":"https:\/\/www.torstenfell.com\/academy\/wp-json\/wp\/v2\/comments?post=392"}],"version-history":[{"count":49,"href":"https:\/\/www.torstenfell.com\/academy\/wp-json\/wp\/v2\/pages\/392\/revisions"}],"predecessor-version":[{"id":3220,"href":"https:\/\/www.torstenfell.com\/academy\/wp-json\/wp\/v2\/pages\/392\/revisions\/3220"}],"up":[{"embeddable":true,"href":"https:\/\/www.torstenfell.com\/academy\/wp-json\/wp\/v2\/pages\/8"}],"wp:attachment":[{"href":"https:\/\/www.torstenfell.com\/academy\/wp-json\/wp\/v2\/media?parent=392"}],"curies":[{"name":"wp","href":"https:\/\/api.w.org\/{rel}","templated":true}]}}